{"id":75,"date":"2011-02-22T17:14:17","date_gmt":"2011-02-23T01:14:17","guid":{"rendered":"http:\/\/abf.sharethepractice.org\/"},"modified":"2023-09-25T00:25:42","modified_gmt":"2023-09-25T07:25:42","slug":"support","status":"publish","type":"page","link":"https:\/\/africa.albertbakerfund.org\/fr\/support\/","title":{"rendered":"APPUI AU FONDS ALBERT BAKER"},"content":{"rendered":"<p><strong>Depuis pr\u00e8s de 50 ans, nous avons soutenu en silence la Cause de la Science Chr\u00e9tienne en investissant dans la formation sup\u00e9rieure de membres actifs et d\u00e9vou\u00e9s de la Science Chr\u00e9tienne. Vous pouvez soutenir nos efforts en faisant du b\u00e9n\u00e9volat ou en faisant un don.<\/strong><\/p>\n<h3>B\u00e9n\u00e9volat<\/h3>\n<p>Nous disposons d\u2019un pr\u00e9cieux r\u00e9seau de b\u00e9n\u00e9voles dans tous les pays des lesquels nous sommes actifs. Si vous voulez nous aider \u00e0 s\u00e9lectionner les candidats, conseiller les laur\u00e9ats de bourses, organiser un \u00e9v\u00e8nement ou \u00e9tendre notre programme \u00e0 de nouveaux pays, veuillez nous envoyer un courriel \u00e0 <a href=\"mailto:africa.admin@albertbakerfund.org\" target=\"_blank\" rel=\"noopener\">africa.admin@albertbakerfund.<wbr \/>org<\/a>.<\/p>\n<p><a name=\"donate-now\"><\/a><\/p>\n<h3>Faire un don<\/h3>\n<p>Si vous souhaitez faire un don au Fonds Albert Baker, veuillez contacter notre administrateur Afrique \u00e0 <a href=\"mailto:africa.admin@albertbakerfund.org\">africa.admin@albertbakerfund.org<\/a>.<\/p>","protected":false},"excerpt":{"rendered":"<p>Depuis pr\u00e8s de 50 ans, nous avons soutenu en silence la Cause de la Science Chr\u00e9tienne en investissant dans la formation sup\u00e9rieure de membres actifs et d\u00e9vou\u00e9s de la Science Chr\u00e9tienne. Vous pouvez soutenir nos efforts en faisant du b\u00e9n\u00e9volat ou en faisant un don. B\u00e9n\u00e9volat Nous disposons d\u2019un pr\u00e9cieux r\u00e9seau de b\u00e9n\u00e9voles dans tous [&hellip;]<\/p>\n","protected":false},"author":1,"featured_media":0,"parent":0,"menu_order":0,"comment_status":"closed","ping_status":"open","template":"","meta":{"_monsterinsights_skip_tracking":false,"_monsterinsights_sitenote_active":false,"_monsterinsights_sitenote_note":"","_monsterinsights_sitenote_category":0,"jetpack_post_was_ever_published":false,"footnotes":""},"class_list":["post-75","page","type-page","status-publish","hentry"],"jetpack_shortlink":"https:\/\/wp.me\/P2aAby-1d","jetpack_sharing_enabled":true,"_links":{"self":[{"href":"https:\/\/africa.albertbakerfund.org\/fr\/wp-json\/wp\/v2\/pages\/75","targetHints":{"allow":["GET"]}}],"collection":[{"href":"https:\/\/africa.albertbakerfund.org\/fr\/wp-json\/wp\/v2\/pages"}],"about":[{"href":"https:\/\/africa.albertbakerfund.org\/fr\/wp-json\/wp\/v2\/types\/page"}],"author":[{"embeddable":true,"href":"https:\/\/africa.albertbakerfund.org\/fr\/wp-json\/wp\/v2\/users\/1"}],"replies":[{"embeddable":true,"href":"https:\/\/africa.albertbakerfund.org\/fr\/wp-json\/wp\/v2\/comments?post=75"}],"version-history":[{"count":29,"href":"https:\/\/africa.albertbakerfund.org\/fr\/wp-json\/wp\/v2\/pages\/75\/revisions"}],"predecessor-version":[{"id":12390,"href":"https:\/\/africa.albertbakerfund.org\/fr\/wp-json\/wp\/v2\/pages\/75\/revisions\/12390"}],"wp:attachment":[{"href":"https:\/\/africa.albertbakerfund.org\/fr\/wp-json\/wp\/v2\/media?parent=75"}],"curies":[{"name":"wp","href":"https:\/\/api.w.org\/{rel}","templated":true}]}}