{"id":742,"date":"2011-03-11T20:50:49","date_gmt":"2011-03-12T04:50:49","guid":{"rendered":"http:\/\/abf.sharethepractice.org\/?page_id=742"},"modified":"2011-07-01T03:46:34","modified_gmt":"2011-07-01T10:46:34","slug":"online-application-detailed-instructions-faq","status":"publish","type":"page","link":"https:\/\/africa.albertbakerfund.org\/fr\/africa-college\/online-application-detailed-instructions-faq\/","title":{"rendered":"REMPLIR LE FORMULAIRE DE DEMANDE EN LIGNE"},"content":{"rendered":"<p><\/p>\n<h3>Comment naviguer dans la page d\u2019accueil de votre demande en ligne<\/h3>\n<p>Apr\u00e8s avoir ouvert la session en ligne, vous verrez trois onglets\u00a0:<\/p>\n<ul>\n<li><strong>Accueil\u00a0:<\/strong> O\u00f9 vous pourrez plus tard r\u00e9cup\u00e9rer votre candidature sauvegard\u00e9e et voir les messages du personnel de l\u2019ABF<\/li>\n<li><strong>Demandes d\u2019aide financi\u00e8re\u00a0:<\/strong> Cliquez  sur cet onglet pour commencer votre candidature. Puis, cliquez sur \u00abCr\u00e9er \u2026\u00bb<\/li>\n<li><strong>R\u00e9f\u00e9rence<\/strong><strong>(s)\u00a0:<\/strong> Pour commencer<\/li>\n<\/ul>\n<h3>S\u00e9lectionner le type de dossier d\u2019aide financi\u00e8re<\/h3>\n<p>C\u2019est ici que vous s\u00e9lectionnez le site du programme. \u00a0<strong>Assurez-vous de s\u00e9lectionner \u00abAfrique\u00bb et non pas \u00abUSA\/Canada\u00bb.<\/strong><\/p>\n<h3>R\u00e9pondez aux questions pos\u00e9es dans le formulaire de demande<\/h3>\n<p>Vous devez remplir tous les champs\/encadr\u00e9s dans le formulaire. Pour toute question, placez le pointeur de la souris sur le point d\u2019interrogation orange \u00e0 c\u00f4t\u00e9 du champ et le texte explicatif appara\u00eetra.<\/p>\n<h3>Sauvegardez fr\u00e9quemment votre candidature pour \u00e9viter de perdre des informations<\/h3>\n<p>Vous devriez sauvegarder votre candidature fr\u00e9quemment pour \u00e9viter de perdre l&rsquo;information d\u00e9j\u00e0 saisie. \u00a0Pour la sauvegarder, faites d\u00e9filer la page jusqu\u2019\u00e0 la derni\u00e8re application \u00abJe voudrais faire ce qui suit\u00a0:\u00bb et s\u00e9lectionner \u00abCr\u00e9er et sauvegarder ma demande. Je la finirai ult\u00e9rieurement\u00bb. Puis cliquez sur la touche \u00abSoumettre\u00bb.<\/p>\n<p><strong>Si vous laissez votre candidature ouverte pendant plus de 30 minutes <\/strong>sans la sauvegarder, vous risquez de perdre toute l\u2019information que vous avez d\u00e9j\u00e0 saisie.<\/p>\n<h3>Joignez les documents requis<\/h3>\n<p>Il faut intituler correctement tous les documents requis et les joindre\/t\u00e9l\u00e9charger sous forme de fichiers PDF, Word ou JPEG. L\u2019intitul\u00e9 correct comprend votre nom complet et le nom du document, comme par exemple \u00abNelson Mandela Admission\u00bb pour la lettre d\u2019admission, etc. Pour voir la liste compl\u00e8te, veuillez consulter la page <strong><a title=\"Required Documents\" href=\"http:\/\/africa.albertbakerfund.org\/fr\/college-graduate-school-vocational-education\/required-documents\/\">Documents requis<\/a><\/strong><strong>.<\/strong><\/p>\n<h3>Pour retourner \u00e0 la candidature sauvegard\u00e9e<\/h3>\n<p>Vous pouvez ouvrir une session dans une candidature sauvegard\u00e9e en utilisant le raccourci sur la page Bourses. Une fois la session ouverte, votre num\u00e9ro de candidature appara\u00eetra dans la liste des \u00abEl\u00e9ments r\u00e9cents\u00bb sur la page d\u2019accueil. Cliquez sur votre num\u00e9ro de candidature puis s\u00e9lectionnez \u00abModifier\u00bb pour pouvoir continuer \u00e0 saisir votre information.<\/p>\n<h3>Soumettre une candidature compl\u00e8te \u00e0 l\u2019ABF pour examen<\/h3>\n<p>Apr\u00e8s avoir rempli votre dossier de candidature et joint les documents requis, vous \u00eates pr\u00eat(e) \u00e0 soumettre votre candidature. \u00a0Rendez-vous dans le dernier champ du formulaire de candidature et faites passer votre r\u00e9ponse de \u00abCr\u00e9er et sauvegarder ma candidature\u00bb \u00e0 \u00abSoumettre mon dossier de candidature complet pour examen\u00bb puis cliquez sur la touche \u00abSoumettre\u00bb. <strong>Avertissement\u00a0: vous ne pourrez pas ajouter quoi que ce soit ou modifier votre candidature une fois que vous l&rsquo;avez soumise.<\/strong><\/p>\n<p><\/p>","protected":false},"excerpt":{"rendered":"<p>Comment naviguer dans la page d\u2019accueil de votre demande en ligne Apr\u00e8s avoir ouvert la session en ligne, vous verrez trois onglets\u00a0: Accueil\u00a0: O\u00f9 vous pourrez plus tard r\u00e9cup\u00e9rer votre candidature sauvegard\u00e9e et voir les messages du personnel de l\u2019ABF Demandes d\u2019aide financi\u00e8re\u00a0: Cliquez sur cet onglet pour commencer votre candidature. Puis, cliquez sur \u00abCr\u00e9er [&hellip;]<\/p>\n","protected":false},"author":1,"featured_media":0,"parent":39,"menu_order":0,"comment_status":"closed","ping_status":"open","template":"page_no_column.php","meta":{"_monsterinsights_skip_tracking":false,"_monsterinsights_sitenote_active":false,"_monsterinsights_sitenote_note":"","_monsterinsights_sitenote_category":0,"jetpack_post_was_ever_published":false,"footnotes":""},"class_list":["post-742","page","type-page","status-publish","hentry"],"jetpack_shortlink":"https:\/\/wp.me\/P2aAby-bY","jetpack_sharing_enabled":true,"_links":{"self":[{"href":"https:\/\/africa.albertbakerfund.org\/fr\/wp-json\/wp\/v2\/pages\/742","targetHints":{"allow":["GET"]}}],"collection":[{"href":"https:\/\/africa.albertbakerfund.org\/fr\/wp-json\/wp\/v2\/pages"}],"about":[{"href":"https:\/\/africa.albertbakerfund.org\/fr\/wp-json\/wp\/v2\/types\/page"}],"author":[{"embeddable":true,"href":"https:\/\/africa.albertbakerfund.org\/fr\/wp-json\/wp\/v2\/users\/1"}],"replies":[{"embeddable":true,"href":"https:\/\/africa.albertbakerfund.org\/fr\/wp-json\/wp\/v2\/comments?post=742"}],"version-history":[{"count":18,"href":"https:\/\/africa.albertbakerfund.org\/fr\/wp-json\/wp\/v2\/pages\/742\/revisions"}],"predecessor-version":[{"id":2125,"href":"https:\/\/africa.albertbakerfund.org\/fr\/wp-json\/wp\/v2\/pages\/742\/revisions\/2125"}],"up":[{"embeddable":true,"href":"https:\/\/africa.albertbakerfund.org\/fr\/wp-json\/wp\/v2\/pages\/39"}],"wp:attachment":[{"href":"https:\/\/africa.albertbakerfund.org\/fr\/wp-json\/wp\/v2\/media?parent=742"}],"curies":[{"name":"wp","href":"https:\/\/api.w.org\/{rel}","templated":true}]}}