{"id":39,"date":"2011-02-22T16:47:02","date_gmt":"2011-02-23T00:47:02","guid":{"rendered":"http:\/\/abf.sharethepractice.org\/"},"modified":"2025-05-12T15:30:20","modified_gmt":"2025-05-12T22:30:20","slug":"africa-college","status":"publish","type":"page","link":"https:\/\/africa.albertbakerfund.org\/fr\/africa-college\/","title":{"rendered":"\u00c9ducation universitaire, post-licence et professionnel en Afrique"},"content":{"rendered":"<p><\/p>\n<div class=\"col-md-5 pull-right\">\n<div class=\"alert alert-info\">\n<h4>Historique de notre programme universitaire\/professionnel<\/h4>\n<p><strong>Depuis presque 50 ans, le Fonds Albert Baker aide les membres de l\u2019\u00c9glise de la Science Chr\u00e9tienne \u00e0 financer l\u2019\u00e9ducation universitaire.<\/strong> Tout comme la fondatrice de la Science Chr\u00e9tienne, Mary Baker Eddy, et son fr\u00e8re a\u00een\u00e9 Albert Baker, nous appr\u00e9cions la valeur de l\u2019\u00e9ducation. Depuis 2004, nous avons accord\u00e9 des bourses \u00e0 des \u00e9tudiants admissibles dans 10 pays africains.<\/p>\n<\/div>\n<\/div>\n<h3>Ce que nous finan\u00e7ons<\/h3>\n<ul>\n<li><strong>Niveaux d\u2019enseignement<\/strong>: Premier et deuxi\u00e8me cycles universitaires et formation professionnelle<\/li>\n<li><strong>\u00c9tablissement situ\u00e9s dans les pays suivants<\/strong>: B\u00e9nin, <del>Burundi<\/del>,\u00a0Cameroun, Congo, RDC, Ghana, Kenya, Nigeria, Rwanda, <del>Tanzanie<\/del>, Togo, Ouganda, ou Zambie<\/li>\n<li><strong>Frais couverts<\/strong>: Scolarit\u00e9, livres, examens, logement et transport<\/li>\n<li><strong>Types de bourses<\/strong>: Subventions<\/li>\n<li><strong>Versement des bourses<\/strong>: Les subventions sont vers\u00e9es aux \u00e9tablissements d\u2019enseignement<\/li>\n<li><strong>Dur\u00e9e des bourses<\/strong>: une ann\u00e9e universitaire, un semestre universitaire ou la dur\u00e9e d\u2019un cours professionnel<\/li>\n<\/ul>\n<h3>O\u00f9 nous accordons des financements<\/h3>\n<p>Nous n\u2019accordons actuellement des financements que pour les \u00e9tudiants des pays <a href=\"https:\/\/africa.albertbakerfund.org\/fr\/africa-college\/countries\/\">indiqu\u00e9s ci-dessous<\/a>. Veuillez cliquer sur le nom de votre pays savoir qui contacter en cas de questions auxquelles ce site ne fournit pas de r\u00e9ponse.<\/p>\n<h3>Qui nous finan\u00e7ons<\/h3>\n<p><strong>Exigences techniques d\u2019\u00e9ligibilit\u00e9 (tous les candidats) <\/strong><\/p>\n<ul>\n<li>Les candidats doivent \u00eatre citoyens des pays suivants: B\u00e9nin, <del>Burundi<\/del>,\u00a0Cameroun, Congo, RDC, Ghana, Kenya, Nigeria, Rwanda, <del>Tanzanie<\/del>, Togo, Ouganda ou Zambie<\/li>\n<li>Les candidats doivent refaire une demande de bourse pour chaque nouvelle session acad\u00e9mique (ann\u00e9e, semestre ou dur\u00e9e de cours professionnel).<\/li>\n<li>Les candidats doivent \u00eatre inscrits ou admis dans un \u00e9tablissement d\u2019enseignement accr\u00e9dit\u00e9.<\/li>\n<\/ul>\n<p><strong>Exigences acad\u00e9miques d\u2019\u00e9ligibilit\u00e9 (tous les candidats)<\/strong><\/p>\n<ul>\n<li>Les candidats doivent \u00eatre des \u00e9tudiants actifs et sinc\u00e8res de la <a href=\"http:\/\/christianscience.com\/international\/francais\" target=\"_blank\" rel=\"noopener noreferrer\">Science Chr\u00e9tienne<\/a>.<\/li>\n<li>Les candidats doivent \u00eatre actuellement membres de l\u2019\u00c9glise M\u00e8re ou d\u2019une \u00c9glise\/Soci\u00e9t\u00e9 filiale.<\/li>\n<li>Les candidats doivent enti\u00e8rement prendre en charge le processus de candidature et toutes les communications avec le personnel d\u2019ABF.<\/li>\n<li>Les candidats doivent activement \u00ab faire profiter les autres de la gr\u00e2ce \u00bb en enrichissant la vie des personnes qu\u2019ils touchent avec leur altruisme, activisme spirituel ou b\u00e9n\u00e9volat.<\/li>\n<\/ul>\n<h3>La candidature et le processus d\u2019attribution des bourses<\/h3>\n<ol>\n<li><strong>Cr\u00e9ation et soumission du dossier de candidature<\/strong> Apr\u00e8s avoir lu les directives de soumission et les instructions de d\u00e9p\u00f4t de candidature en ligne, vous pouvez cr\u00e9er un compte en remplissant notre formulaire d\u2019inscription en ligne. Apr\u00e8s avoir re\u00e7u notre email d\u2019activation de session, vous avez le droit d\u2019acc\u00e9der \u00e0 notre syst\u00e8me de candidature en ligne et vous pouvez cr\u00e9er un nouveau formulaire de demande d\u2019assistance financi\u00e8re. Il faut soumettre toutes les candidatures compl\u00e8tes pendant les dates d\u2019admission indiqu\u00e9es sur notre page de <a href=\"https:\/\/africa.albertbakerfund.org\/fr\/college-graduate-school-vocational-education\/application-deadlines\/\" target=\"_blank\" rel=\"noopener noreferrer\">Dates limites de d\u00e9p\u00f4t de candidatures<\/a>.<\/li>\n<li><strong>\u00c9valuation des candidatures<\/strong> Une fois que la candidature en ligne est soumise, \u00e9valu\u00e9e et jug\u00e9e compl\u00e8te, nous contacterons les candidats pour convenir d\u2019un entretien avec l\u2019un de nos repr\u00e9sentants locaux. Cet entretien est obligatoire et peut se d\u00e9rouler par t\u00e9l\u00e9phone ou en personne.<\/li>\n<li><strong>Avis du r\u00e9sultat<\/strong> Tous les candidats sont avis\u00e9s par email de la d\u00e9cision relative \u00e0 la bourse, nous encourageons donc les candidats \u00e0 v\u00e9rifier leurs emails r\u00e9guli\u00e8rement durant cette p\u00e9riode.<\/li>\n<\/ol>\n<h3><a href=\"https:\/\/africa.albertbakerfund.org\/fr\/college-graduate-school-vocational-education\/need-help-with-your-application\/\">Avez-vous des questions?<\/a><\/h3>\n<h3><a href=\"https:\/\/africa.albertbakerfund.org\/fr\/college-graduate-school-vocational-education\/application-deadlines\/\">\u00c9tape suivante : dates limites de candidature &gt;&gt;<\/a><\/h3>\n<p><\/p>","protected":false},"excerpt":{"rendered":"<p>Historique de notre programme universitaire\/professionnel Depuis presque 50 ans, le Fonds Albert Baker aide les membres de l\u2019\u00c9glise de la Science Chr\u00e9tienne \u00e0 financer l\u2019\u00e9ducation universitaire. Tout comme la fondatrice de la Science Chr\u00e9tienne, Mary Baker Eddy, et son fr\u00e8re a\u00een\u00e9 Albert Baker, nous appr\u00e9cions la valeur de l\u2019\u00e9ducation. Depuis 2004, nous avons accord\u00e9 des [&hellip;]<\/p>\n","protected":false},"author":1,"featured_media":0,"parent":0,"menu_order":0,"comment_status":"closed","ping_status":"closed","template":"page_1_sidebar.php","meta":{"_monsterinsights_skip_tracking":false,"_monsterinsights_sitenote_active":false,"_monsterinsights_sitenote_note":"","_monsterinsights_sitenote_category":0,"jetpack_post_was_ever_published":false,"footnotes":""},"class_list":["post-39","page","type-page","status-publish","hentry"],"jetpack_shortlink":"https:\/\/wp.me\/P2aAby-D","jetpack_sharing_enabled":true,"_links":{"self":[{"href":"https:\/\/africa.albertbakerfund.org\/fr\/wp-json\/wp\/v2\/pages\/39","targetHints":{"allow":["GET"]}}],"collection":[{"href":"https:\/\/africa.albertbakerfund.org\/fr\/wp-json\/wp\/v2\/pages"}],"about":[{"href":"https:\/\/africa.albertbakerfund.org\/fr\/wp-json\/wp\/v2\/types\/page"}],"author":[{"embeddable":true,"href":"https:\/\/africa.albertbakerfund.org\/fr\/wp-json\/wp\/v2\/users\/1"}],"replies":[{"embeddable":true,"href":"https:\/\/africa.albertbakerfund.org\/fr\/wp-json\/wp\/v2\/comments?post=39"}],"version-history":[{"count":168,"href":"https:\/\/africa.albertbakerfund.org\/fr\/wp-json\/wp\/v2\/pages\/39\/revisions"}],"predecessor-version":[{"id":15805,"href":"https:\/\/africa.albertbakerfund.org\/fr\/wp-json\/wp\/v2\/pages\/39\/revisions\/15805"}],"wp:attachment":[{"href":"https:\/\/africa.albertbakerfund.org\/fr\/wp-json\/wp\/v2\/media?parent=39"}],"curies":[{"name":"wp","href":"https:\/\/api.w.org\/{rel}","templated":true}]}}