{"id":3383,"date":"2018-02-23T11:46:46","date_gmt":"2018-02-23T19:46:46","guid":{"rendered":"https:\/\/africa.albertbakerfund.org\/?page_id=3383"},"modified":"2026-03-25T01:27:22","modified_gmt":"2026-03-24T22:27:22","slug":"benin","status":"publish","type":"page","link":"https:\/\/africa.albertbakerfund.org\/fr\/africa-college\/countries\/benin\/","title":{"rendered":"R\u00e9publique du B\u00e9nin"},"content":{"rendered":"<p><\/p>\n<h3>ATTENTION : MISE A JOUR DE LA LISTE DES \u00c9COLES APPROUV\u00c9ES<\/h3>\n<p>Albert Baker Fund offre des bourses de formation aux Scientistes Chr\u00e9tiens vivant en Zambie (Afrique) qui souhaitent s&rsquo;inscrire dans une universit\u00e9 ou un institut sup\u00e9rieur ou encore une \u00e9cole de formation professionnelle. Veuillez consulter la liste des \u00e9coles approuv\u00e9es ci-dessous. Albert Baker Fund sponsorisera uniquement les \u00e9tudiants candidats dans ces \u00e9coles. Les demandes de financement pour des \u00e9coles\/universit\u00e9s qui ne sont pas dans cette liste ne seront pas accept\u00e9es.<\/p>\n<h3>Liste des \u00e9coles\/universit\u00e9s approuv\u00e9es par ABF<\/h3>\n<ul>\n<li>Universit\u00e9 Catholique de l\u2019Afrique de l\u2019Ouest \/ Unit\u00e9 Universitaire (UCAO \/ UUC)<\/li>\n<li>Centre d\u2019Etudes Touristique (CET \/ AAT-IPAAM)<\/li>\n<li>Centre de Formation Professionnelle Parascolaire &#8211; IRETI N&rsquo;LA<\/li>\n<li>Universit\u00e9 d&rsquo;Abomey Calavi<\/li>\n<li>Institut Universitaire Les Cours Sonou<\/li>\n<li>Institut Universitaire du B\u00e9nin (IUB)<\/li>\n<li>Institut Sup\u00e9rieur des M\u00e9tiers de l\u2019Audiovisuels (ISMA)<\/li>\n<li>Institut Pontifical Jean Paul II de Philosophie et de Sciences Humaines<\/li>\n<li>Haute Ecole de Commerce et de Management (HECM)<\/li>\n<li>Universite Africaine de Technologie et de Management (UATM)<\/li>\n<li>Istitut Sup\u00e9rieur de Management (ISM)<\/li>\n<li>Institut Prive d&rsquo;Excellence de Formations Polytechniques et d&rsquo;Insertion Professionelle<\/li>\n<li>Centre Professionnel de Formation en Audiovisuel Instinct Vid\u00e9o Leader<\/li>\n<\/ul>\n<h3>Directrice de programmes et Agent de traitement des demandes pour l&rsquo;Afrique<\/h3>\n<style>\/*  div wrapped around entire staff list  *\/\r\ndiv.staff-member-listing {\r\n\r\n}\r\n\r\n\/*  div wrapped around each staff member  *\/\r\ndiv.staff-member {\r\n}\r\n\r\n\/*  &quot;Even&quot; staff member  *\/\r\ndiv.staff-member.even {\r\n}\r\n\r\n\/*  &quot;Odd&quot; staff member  *\/\r\ndiv.staff-member.odd {\r\n}\r\n\r\n\/*  Last staff member  *\/\r\ndiv.staff-member.last {\r\n}\r\n\r\n\/*  Wrap around staff info  *\/\r\n.staff-member-info-wrap {\r\n}\r\n\r\n\/*  [staff-bio-formatted]  *\/\r\ndiv.staff-member-bio {\r\n}\r\n\r\n\/*  p tags within [staff-bio-formatted]  *\/\r\ndiv.staff-member-bio p {\r\n}\r\n\r\n\/*  [staff-photo]  *\/\r\nimg.staff-member-photo {\r\n    \/* float: left; *\/\r\n}\r\n\r\n\/*  [staff-email-link]  *\/\r\n.staff-member-email {\r\n}\r\n\r\n\/*  [staff-name-formatted]  *\/\r\ndiv.staff-member-listing h3.staff-member-name {\r\n    margin: 0;\r\n}\r\n\r\n\/*  [staff-position-formatted]  *\/\r\ndiv.staff-member-listing h4.staff-member-position {\r\n    margin: 0;\r\n    font-style: italic;\r\n}\r\n\r\n\/* Clearfix for div.staff-member *\/\r\ndiv.staff-member:after {\r\n    content: &quot;&quot;;\r\n    display: block;\r\n    clear: both;\r\n}\r\n\r\n\/* Clearfix for &lt;= IE7 *\/\r\n* html div.staff-member { height: 1%; }\r\ndiv.staff-member { display: block; }<\/style><div class=\"staff-member-listing clearfix abf staff in africa\"><div class=\"staff-member col-xs-6 col-sm-4 col-md-3 even \">\r\n    <img decoding=\"async\" class=\"staff-member-photo img-circle\" src=\"https:\/\/africa.albertbakerfund.org\/files\/2018\/02\/Lamech-Katamba-300x300.jpg\" alt=\"Lamech Katamba : Directeur de programme Afrique\">\r\n    <div class=\"staff-member-info-wrap\">\r\n        <p style=\"margin-bottom: 0;\">\r\n        <strong>Lamech Katamba<\/strong><br \/>\r\n        <em>Directeur de programme Afrique<\/em>\r\n        <a class=\"staff-member-email\" href=\"mailto:&#108;am&#101;ch&#064;a&#108;&#098;e&#114;tbak&#101;r&#102;&#117;&#110;&#100;&#046;org\" title=\"Email Lamech Katamba\">l&#097;mec&#104;&#064;&#097;&#108;b&#101;&#114;&#116;&#098;&#097;&#107;er&#102;u&#110;d.&#111;&#114;&#103;<\/a><br \/>\r\n        Tel: +256 753 40 86 45\r\n        <\/p>\r\n        <div class=\"staff-member-bio\"><p>Skype: lamechkatamba<br \/>\nKampala, Uganda<br \/>\nAnglais, Luganda, Swahili<\/p>\n<\/div>\r\n    <\/div>\r\n<\/div> <!-- Close staff-member --><div class=\"staff-member col-xs-6 col-sm-4 col-md-3 odd  last\">\r\n    <img decoding=\"async\" class=\"staff-member-photo img-circle\" src=\"https:\/\/africa.albertbakerfund.org\/files\/2018\/02\/Dominique-Bitaa-Beling-300x300.jpg\" alt=\"Dominique Bita\u2019a Beling : Agent de traitement des demandes pour l\u2019Afrique\">\r\n    <div class=\"staff-member-info-wrap\">\r\n        <p style=\"margin-bottom: 0;\">\r\n        <strong>Dominique Bita\u2019a Beling<\/strong><br \/>\r\n        <em>Agent de traitement des demandes pour l\u2019Afrique<\/em>\r\n        <a class=\"staff-member-email\" href=\"mailto:do&#109;ini&#113;&#117;&#101;.&#098;&#101;&#108;ing&#064;&#097;&#108;bertb&#097;&#107;&#101;&#114;&#102;&#117;&#110;d.&#111;r&#103;\" title=\"Email Dominique Bita\u2019a Beling\">&#100;o&#109;&#105;n&#105;q&#117;e.bel&#105;&#110;&#103;&#064;&#097;&#108;&#098;e&#114;&#116;b&#097;&#107;e&#114;&#102;&#117;&#110;d.&#111;&#114;&#103;<\/a><br \/>\r\n        Tel: +237 679 12 24 40\r\n        <\/p>\r\n        <div class=\"staff-member-bio\"><p>Yaounde, Cameroon<br \/>\nAnglais, Fran\u00e7ais<\/p>\n<\/div>\r\n    <\/div>\r\n<\/div> <!-- Close staff-member --><\/div> <!-- Close staff-member-listing -->\n<h3>Repr\u00e9sentants de l\u2019ABF dans les pays<\/h3>\n<p><style>\/*  div wrapped around entire staff list  *\/\r\ndiv.staff-member-listing {\r\n\r\n}\r\n\r\n\/*  div wrapped around each staff member  *\/\r\ndiv.staff-member {\r\n}\r\n\r\n\/*  &quot;Even&quot; staff member  *\/\r\ndiv.staff-member.even {\r\n}\r\n\r\n\/*  &quot;Odd&quot; staff member  *\/\r\ndiv.staff-member.odd {\r\n}\r\n\r\n\/*  Last staff member  *\/\r\ndiv.staff-member.last {\r\n}\r\n\r\n\/*  Wrap around staff info  *\/\r\n.staff-member-info-wrap {\r\n}\r\n\r\n\/*  [staff-bio-formatted]  *\/\r\ndiv.staff-member-bio {\r\n}\r\n\r\n\/*  p tags within [staff-bio-formatted]  *\/\r\ndiv.staff-member-bio p {\r\n}\r\n\r\n\/*  [staff-photo]  *\/\r\nimg.staff-member-photo {\r\n    \/* float: left; *\/\r\n}\r\n\r\n\/*  [staff-email-link]  *\/\r\n.staff-member-email {\r\n}\r\n\r\n\/*  [staff-name-formatted]  *\/\r\ndiv.staff-member-listing h3.staff-member-name {\r\n    margin: 0;\r\n}\r\n\r\n\/*  [staff-position-formatted]  *\/\r\ndiv.staff-member-listing h4.staff-member-position {\r\n    margin: 0;\r\n    font-style: italic;\r\n}\r\n\r\n\/* Clearfix for div.staff-member *\/\r\ndiv.staff-member:after {\r\n    content: &quot;&quot;;\r\n    display: block;\r\n    clear: both;\r\n}\r\n\r\n\/* Clearfix for &lt;= IE7 *\/\r\n* html div.staff-member { height: 1%; }\r\ndiv.staff-member { display: block; }<\/style><div class=\"staff-member-listing clearfix benin\"><div class=\"staff-member col-xs-6 col-sm-4 col-md-3 even col-xs-6 col-sm-4 col-md-3 last\">\r\n    <img decoding=\"async\" class=\"staff-member-photo img-circle\" src=\"https:\/\/africa.albertbakerfund.org\/files\/2024\/08\/Jeronime-Imeline-Atchedo-300x300.jpg\" alt=\"Ms. Jeronime Imeline Atchedo : Repr\u00e9sentant dans le pays pour B\u00e9nin\">\r\n    <div class=\"staff-member-info-wrap\">\r\n        <p style=\"margin-bottom: 0;\">\r\n        <strong>Ms. Jeronime Imeline Atchedo<\/strong><br \/>\r\n        <em>Repr\u00e9sentant dans le pays pour B\u00e9nin<\/em>\r\n        <a class=\"staff-member-email\" href=\"mailto:a&#116;&#099;&#104;&#101;d&#111;.&#106;&#101;r&#111;n&#105;&#109;e8&#057;&#064;&#103;ma&#105;&#108;.&#099;om\" title=\"Email Ms. Jeronime Imeline Atchedo\">at&#099;he&#100;&#111;&#046;j&#101;r&#111;nime&#056;&#057;&#064;g&#109;&#097;il.com<\/a><br \/>\r\n        Tel: +229 94 06 97 25\r\n        <\/p>\r\n        <div class=\"staff-member-bio\"><p>Cotonou, B\u00e9nin<br \/>\nAnglais, Fran\u00e7ais<\/p>\n<\/div>\r\n    <\/div>\r\n<\/div> <!-- Close staff-member --><\/div> <!-- Close staff-member-listing --><\/p>","protected":false},"excerpt":{"rendered":"<p>ATTENTION : MISE A JOUR DE LA LISTE DES \u00c9COLES APPROUV\u00c9ES Albert Baker Fund offre des bourses de formation aux Scientistes Chr\u00e9tiens vivant en Zambie (Afrique) qui souhaitent s&rsquo;inscrire dans une universit\u00e9 ou un institut sup\u00e9rieur ou encore une \u00e9cole de formation professionnelle. Veuillez consulter la liste des \u00e9coles approuv\u00e9es ci-dessous. Albert Baker Fund sponsorisera [&hellip;]<\/p>\n","protected":false},"author":1344,"featured_media":0,"parent":1323,"menu_order":0,"comment_status":"closed","ping_status":"closed","template":"page_1_sidebar.php","meta":{"_monsterinsights_skip_tracking":false,"_monsterinsights_sitenote_active":false,"_monsterinsights_sitenote_note":"","_monsterinsights_sitenote_category":0,"jetpack_post_was_ever_published":false,"footnotes":""},"class_list":["post-3383","page","type-page","status-publish","hentry"],"jetpack_shortlink":"https:\/\/wp.me\/P2aAby-Sz","jetpack_sharing_enabled":true,"_links":{"self":[{"href":"https:\/\/africa.albertbakerfund.org\/fr\/wp-json\/wp\/v2\/pages\/3383","targetHints":{"allow":["GET"]}}],"collection":[{"href":"https:\/\/africa.albertbakerfund.org\/fr\/wp-json\/wp\/v2\/pages"}],"about":[{"href":"https:\/\/africa.albertbakerfund.org\/fr\/wp-json\/wp\/v2\/types\/page"}],"author":[{"embeddable":true,"href":"https:\/\/africa.albertbakerfund.org\/fr\/wp-json\/wp\/v2\/users\/1344"}],"replies":[{"embeddable":true,"href":"https:\/\/africa.albertbakerfund.org\/fr\/wp-json\/wp\/v2\/comments?post=3383"}],"version-history":[{"count":36,"href":"https:\/\/africa.albertbakerfund.org\/fr\/wp-json\/wp\/v2\/pages\/3383\/revisions"}],"predecessor-version":[{"id":15971,"href":"https:\/\/africa.albertbakerfund.org\/fr\/wp-json\/wp\/v2\/pages\/3383\/revisions\/15971"}],"up":[{"embeddable":true,"href":"https:\/\/africa.albertbakerfund.org\/fr\/wp-json\/wp\/v2\/pages\/1323"}],"wp:attachment":[{"href":"https:\/\/africa.albertbakerfund.org\/fr\/wp-json\/wp\/v2\/media?parent=3383"}],"curies":[{"name":"wp","href":"https:\/\/api.w.org\/{rel}","templated":true}]}}