{"id":3007,"date":"2015-06-03T15:48:28","date_gmt":"2015-06-03T22:48:28","guid":{"rendered":"http:\/\/africa.albertbakerfund.org\/?page_id=3007"},"modified":"2015-06-03T15:48:52","modified_gmt":"2015-06-03T22:48:52","slug":"apply-online-continuing-students","status":"publish","type":"page","link":"https:\/\/africa.albertbakerfund.org\/fr\/application\/apply-online-continuing-students\/","title":{"rendered":"Fonds Albert Baker Postuler en ligne &#8211; candidats d\u00e9j\u00e0 laur\u00e9ats"},"content":{"rendered":"<p><\/p>\n<div class=\"alert alert-info\">\n<h2>REMARQUE:Chaque fois que vous cliquez sur le bouton <strong>&lsquo;Suivant&rsquo;<\/strong>, votre travail est <strong>enregistr\u00e9<\/strong><br \/>\nNe cliquez sur le bouton <strong>Soumettre<\/strong> que si vous soumettez votre demande d\u00fbment <strong>remplie<\/strong> pour r\u00e9vision.<\/h2>\n<\/div>\n<p><iframe loading=\"lazy\" id=\"application_form\" src=\"https:\/\/albertbakerfund.secure.force.com\/application\/ApplicationLogin?Lang=FR\" width=\"1180px;\" height=\"1200px\" border=\"0\" style=\"border: 1px solid #ccc; margin: 0 0 0 -16px;\"><\/iframe><\/p>","protected":false},"excerpt":{"rendered":"<p>REMARQUE:Chaque fois que vous cliquez sur le bouton &lsquo;Suivant&rsquo;, votre travail est enregistr\u00e9 Ne cliquez sur le bouton Soumettre que si vous soumettez votre demande d\u00fbment remplie pour r\u00e9vision.<\/p>\n","protected":false},"author":525,"featured_media":0,"parent":2905,"menu_order":0,"comment_status":"closed","ping_status":"closed","template":"","meta":{"_monsterinsights_skip_tracking":false,"_monsterinsights_sitenote_active":false,"_monsterinsights_sitenote_note":"","_monsterinsights_sitenote_category":0,"jetpack_post_was_ever_published":false,"footnotes":""},"class_list":["post-3007","page","type-page","status-publish","hentry"],"jetpack_shortlink":"https:\/\/wp.me\/P2aAby-Mv","jetpack_sharing_enabled":true,"_links":{"self":[{"href":"https:\/\/africa.albertbakerfund.org\/fr\/wp-json\/wp\/v2\/pages\/3007","targetHints":{"allow":["GET"]}}],"collection":[{"href":"https:\/\/africa.albertbakerfund.org\/fr\/wp-json\/wp\/v2\/pages"}],"about":[{"href":"https:\/\/africa.albertbakerfund.org\/fr\/wp-json\/wp\/v2\/types\/page"}],"author":[{"embeddable":true,"href":"https:\/\/africa.albertbakerfund.org\/fr\/wp-json\/wp\/v2\/users\/525"}],"replies":[{"embeddable":true,"href":"https:\/\/africa.albertbakerfund.org\/fr\/wp-json\/wp\/v2\/comments?post=3007"}],"version-history":[{"count":1,"href":"https:\/\/africa.albertbakerfund.org\/fr\/wp-json\/wp\/v2\/pages\/3007\/revisions"}],"predecessor-version":[{"id":3008,"href":"https:\/\/africa.albertbakerfund.org\/fr\/wp-json\/wp\/v2\/pages\/3007\/revisions\/3008"}],"up":[{"embeddable":true,"href":"https:\/\/africa.albertbakerfund.org\/fr\/wp-json\/wp\/v2\/pages\/2905"}],"wp:attachment":[{"href":"https:\/\/africa.albertbakerfund.org\/fr\/wp-json\/wp\/v2\/media?parent=3007"}],"curies":[{"name":"wp","href":"https:\/\/api.w.org\/{rel}","templated":true}]}}