{"id":1367,"date":"2011-03-31T15:54:07","date_gmt":"2011-03-31T22:54:07","guid":{"rendered":"http:\/\/africa.albertbakerfund.org\/?page_id=1367"},"modified":"2018-02-23T11:29:04","modified_gmt":"2018-02-23T19:29:04","slug":"other-countries","status":"publish","type":"page","link":"https:\/\/africa.albertbakerfund.org\/fr\/africa-college\/countries\/other-countries\/","title":{"rendered":"Pays dans lesquels l\u2019ABF n\u2019est pas (encore) actif"},"content":{"rendered":"<p><\/p>\n<div class=\"right span-9 column prepend-1 append-bottom\">\n<div class=\"alert alert-info\">\n<p><strong>Voici quelques unes des questions que nous nous posons lorsque des Scientistes Chr\u00e9tiens nous demandent de lancer un nouveau programme dans leur pays.<\/strong><\/p>\n<ol>\n<li>Ce pays a-t-il une communaut\u00e9 active de Scientistes Chr\u00e9tiens avec au moins un praticien dans la r\u00e9gion?<\/li>\n<li>Existe-t-il des sources fiables d\u2019information sur l\u2019infrastructure bancaire, la l\u00e9gislation locale et les \u00e9coles r\u00e9put\u00e9es?<\/li>\n<li>Des b\u00e9n\u00e9voles \u00e9duqu\u00e9s au niveau universitaire (Scientistes Chr\u00e9tiens) sont-ils disponibles pour appuyer le programme local ?<\/li>\n<li>Disposons-nous de suffisamment de personnel au sein de l\u2019ABF pour g\u00e9rer un nouveau programme, et notamment pour collaborer avec les repr\u00e9sentants locaux, b\u00e9n\u00e9voles et \u00e9tudiants potentiels ?<\/li>\n<li>Quels syst\u00e8mes et mesures devrions nous utiliser en vue d\u2019approuver les \u00e9tudiants et \u00e9coles dans un nouveau pays ?<\/li>\n<li>Quel serait le budget n\u00e9cessaire pour \u00e9valuer, \u00e9tablir et faire fonctionner un nouveau programme, y compris les fonds pour des bourses d\u2019\u00e9tudes suppl\u00e9mentaires ?<\/li>\n<li>Avons-nous suffisamment de raisons pour aller \u00e9valuer ce site sur place ?<\/li>\n<\/ol>\n<\/div>\n<\/div>\n<p>En r\u00e8gle g\u00e9n\u00e9rale, nous fournissons des bourses universitaires aux \u00e9tudiants dans leur propre pays. Par cons\u00e9quent, si vous n&rsquo;habitez pas dans l\u2019un des 9 <a title=\"Country Information\" href=\"http:\/\/africa.albertbakerfund.org\/fr\/college-graduate-school-vocational-education\/countries\/\">pays<\/a> dans lesquels nous avons actuellement un programme, ou si vous voulez aller \u00e0 l\u2019universit\u00e9 dans un autre pays, nous ne pouvons probablement pas vous aider actuellement.<\/p>\n<p>Nous esp\u00e9rons \u00e9tendre nos activit\u00e9s \u00e0 d\u2019autres pays africains dans l\u2019avenir. Mais il faut du temps, de l\u2019argent, des candidats et des b\u00e9n\u00e9voles pour \u00e9tablir un nouveau programme. Nous \u00e9tendrons nos activit\u00e9s probablement dans des pays disposant de r\u00e9seaux dynamiques d&rsquo;\u00e9glises et soci\u00e9t\u00e9s de la Science Chr\u00e9tienne.<\/p>\n<p>Si vous \u00eates un(e) \u00e9tudiant(e) dans un pays dans lequel l\u2019ABF ne fournit actuellement pas de bourses, veuillez envoyer un courriel \u00e0 <a href=\"mailto:admin@albertbakerfund.org\">admin@albertbakerfund.org<\/a> en nous communiquant votre nom, coordonn\u00e9es et l&rsquo;universit\u00e9 que vous voudriez fr\u00e9quenter. Nous vous ajouterons sur la liste des \u00e9tudiants int\u00e9ress\u00e9s.<\/p>\n<p>Si vous appartenez \u00e0 une \u00e9glise ou soci\u00e9t\u00e9 de la Science Chr\u00e9tienne et voudriez identifier et s\u00e9lectionner des candidats, veuillez contacter le Directeur ou la Directrice r\u00e9gional(e) de programme pertinent(e) :<\/p>\n<div class=\"span-5 append-bottom append-1\">\n<p><img loading=\"lazy\" decoding=\"async\" class=\"alignnone size-thumbnail wp-image-459\" alt=\"Lamech Katamba\" src=\"https:\/\/abf.sharethepractice.org\/files\/2011\/02\/Lamech_Katamba-150x150.jpg\" width=\"150\" height=\"150\" \/><\/p>\n<p><strong>Lamech Katamba<\/strong><\/p>\n<p><em>Directeur de programmes l&rsquo;Afrique<\/em><\/p>\n<p><a href=\"mailto:lamech@albertbakerfund.org\" target=\"_blank\">lamech@albertbakerfund.org<\/a><\/p>\n<p>Tel: +256 753 40 86 45<\/p>\n<p>Skype: <a href=\"#\">lamechkatamba<\/a><\/p>\n<p>Kampala, Uganda<\/p>\n<p>English, Luganda, Swahili<\/p>\n<\/div>\n<p><\/p>","protected":false},"excerpt":{"rendered":"<p>Voici quelques unes des questions que nous nous posons lorsque des Scientistes Chr\u00e9tiens nous demandent de lancer un nouveau programme dans leur pays. Ce pays a-t-il une communaut\u00e9 active de Scientistes Chr\u00e9tiens avec au moins un praticien dans la r\u00e9gion? Existe-t-il des sources fiables d\u2019information sur l\u2019infrastructure bancaire, la l\u00e9gislation locale et les \u00e9coles r\u00e9put\u00e9es? [&hellip;]<\/p>\n","protected":false},"author":1,"featured_media":0,"parent":1323,"menu_order":0,"comment_status":"closed","ping_status":"open","template":"page_1_sidebar.php","meta":{"_monsterinsights_skip_tracking":false,"_monsterinsights_sitenote_active":false,"_monsterinsights_sitenote_note":"","_monsterinsights_sitenote_category":0,"jetpack_post_was_ever_published":false,"footnotes":""},"class_list":["post-1367","page","type-page","status-publish","hentry"],"jetpack_shortlink":"https:\/\/wp.me\/P2aAby-m3","jetpack_sharing_enabled":true,"_links":{"self":[{"href":"https:\/\/africa.albertbakerfund.org\/fr\/wp-json\/wp\/v2\/pages\/1367","targetHints":{"allow":["GET"]}}],"collection":[{"href":"https:\/\/africa.albertbakerfund.org\/fr\/wp-json\/wp\/v2\/pages"}],"about":[{"href":"https:\/\/africa.albertbakerfund.org\/fr\/wp-json\/wp\/v2\/types\/page"}],"author":[{"embeddable":true,"href":"https:\/\/africa.albertbakerfund.org\/fr\/wp-json\/wp\/v2\/users\/1"}],"replies":[{"embeddable":true,"href":"https:\/\/africa.albertbakerfund.org\/fr\/wp-json\/wp\/v2\/comments?post=1367"}],"version-history":[{"count":41,"href":"https:\/\/africa.albertbakerfund.org\/fr\/wp-json\/wp\/v2\/pages\/1367\/revisions"}],"predecessor-version":[{"id":3370,"href":"https:\/\/africa.albertbakerfund.org\/fr\/wp-json\/wp\/v2\/pages\/1367\/revisions\/3370"}],"up":[{"embeddable":true,"href":"https:\/\/africa.albertbakerfund.org\/fr\/wp-json\/wp\/v2\/pages\/1323"}],"wp:attachment":[{"href":"https:\/\/africa.albertbakerfund.org\/fr\/wp-json\/wp\/v2\/media?parent=1367"}],"curies":[{"name":"wp","href":"https:\/\/api.w.org\/{rel}","templated":true}]}}