{"id":1356,"date":"2011-03-31T15:51:39","date_gmt":"2011-03-31T22:51:39","guid":{"rendered":"http:\/\/africa.albertbakerfund.org\/?page_id=1356"},"modified":"2024-09-24T10:51:36","modified_gmt":"2024-09-24T17:51:36","slug":"zambia","status":"publish","type":"page","link":"https:\/\/africa.albertbakerfund.org\/fr\/africa-college\/countries\/zambia\/","title":{"rendered":"La Zambie"},"content":{"rendered":"<p>&nbsp;<\/p>\n<h3>ATTENTION : MISE A JOUR DE LA LISTE DES \u00c9COLES APPROUV\u00c9ES<\/h3>\n<p>Albert Baker Fund offre des bourses de formation aux Scientistes Chr\u00e9tiens vivant en Zambie (Afrique) qui souhaitent s&rsquo;inscrire dans une universit\u00e9 ou un institut sup\u00e9rieur ou encore une \u00e9cole de formation professionnelle. Veuillez consulter la liste des \u00e9coles approuv\u00e9es ci-dessous. Albert Baker Fund sponsorisera uniquement les \u00e9tudiants candidats dans ces \u00e9coles. Les demandes de financement pour des \u00e9coles\/universit\u00e9s qui ne sont pas dans cette liste ne seront pas accept\u00e9es.<\/p>\n<h3>Liste des \u00e9coles\/universit\u00e9s approuv\u00e9es par ABF<\/h3>\n<ul>\n<li>Cavendish University<\/li>\n<li>National Institution of Public Administration (NIPA)<\/li>\n<li>The Writers Bureau<\/li>\n<li>University of Zambia (UNZA)<\/li>\n<li>Zambia Centre for Accountancy Studies (ZCAS)<\/li>\n<\/ul>\n<h3>Directrice de programmes et Agent de traitement des demandes pour l&rsquo;Afrique<\/h3>\n<style>\/*  div wrapped around entire staff list  *\/\r\ndiv.staff-member-listing {\r\n\r\n}\r\n\r\n\/*  div wrapped around each staff member  *\/\r\ndiv.staff-member {\r\n}\r\n\r\n\/*  &quot;Even&quot; staff member  *\/\r\ndiv.staff-member.even {\r\n}\r\n\r\n\/*  &quot;Odd&quot; staff member  *\/\r\ndiv.staff-member.odd {\r\n}\r\n\r\n\/*  Last staff member  *\/\r\ndiv.staff-member.last {\r\n}\r\n\r\n\/*  Wrap around staff info  *\/\r\n.staff-member-info-wrap {\r\n}\r\n\r\n\/*  [staff-bio-formatted]  *\/\r\ndiv.staff-member-bio {\r\n}\r\n\r\n\/*  p tags within [staff-bio-formatted]  *\/\r\ndiv.staff-member-bio p {\r\n}\r\n\r\n\/*  [staff-photo]  *\/\r\nimg.staff-member-photo {\r\n    \/* float: left; *\/\r\n}\r\n\r\n\/*  [staff-email-link]  *\/\r\n.staff-member-email {\r\n}\r\n\r\n\/*  [staff-name-formatted]  *\/\r\ndiv.staff-member-listing h3.staff-member-name {\r\n    margin: 0;\r\n}\r\n\r\n\/*  [staff-position-formatted]  *\/\r\ndiv.staff-member-listing h4.staff-member-position {\r\n    margin: 0;\r\n    font-style: italic;\r\n}\r\n\r\n\/* Clearfix for div.staff-member *\/\r\ndiv.staff-member:after {\r\n    content: &quot;&quot;;\r\n    display: block;\r\n    clear: both;\r\n}\r\n\r\n\/* Clearfix for &lt;= IE7 *\/\r\n* html div.staff-member { height: 1%; }\r\ndiv.staff-member { display: block; }<\/style><div class=\"staff-member-listing clearfix abf staff in africa\"><div class=\"staff-member col-xs-6 col-sm-4 col-md-3 even \">\r\n    <img decoding=\"async\" class=\"staff-member-photo img-circle\" src=\"https:\/\/africa.albertbakerfund.org\/files\/2018\/02\/Lamech-Katamba-300x300.jpg\" alt=\"Lamech Katamba : Directeur de programme Afrique\">\r\n    <div class=\"staff-member-info-wrap\">\r\n        <p style=\"margin-bottom: 0;\">\r\n        <strong>Lamech Katamba<\/strong><br \/>\r\n        <em>Directeur de programme Afrique<\/em>\r\n        <a class=\"staff-member-email\" href=\"mailto:la&#109;&#101;&#099;&#104;&#064;&#097;l&#098;er&#116;&#098;a&#107;&#101;&#114;&#102;u&#110;d.o&#114;g\" title=\"Email Lamech Katamba\">lame&#099;&#104;&#064;al&#098;e&#114;&#116;b&#097;&#107;e&#114;fu&#110;d&#046;o&#114;&#103;<\/a><br \/>\r\n        Tel: +256 753 40 86 45\r\n        <\/p>\r\n        <div class=\"staff-member-bio\"><p>Skype: lamechkatamba<br \/>\nKampala, Uganda<br \/>\nAnglais, Luganda, Swahili<\/p>\n<\/div>\r\n    <\/div>\r\n<\/div> <!-- Close staff-member --><div class=\"staff-member col-xs-6 col-sm-4 col-md-3 odd  last\">\r\n    <img decoding=\"async\" class=\"staff-member-photo img-circle\" src=\"https:\/\/africa.albertbakerfund.org\/files\/2018\/02\/Dominique-Bitaa-Beling-300x300.jpg\" alt=\"Dominique Bita\u2019a Beling : Agent de traitement des demandes pour l\u2019Afrique\">\r\n    <div class=\"staff-member-info-wrap\">\r\n        <p style=\"margin-bottom: 0;\">\r\n        <strong>Dominique Bita\u2019a Beling<\/strong><br \/>\r\n        <em>Agent de traitement des demandes pour l\u2019Afrique<\/em>\r\n        <a class=\"staff-member-email\" href=\"mailto:&#100;&#111;&#109;&#105;n&#105;&#113;&#117;&#101;.bel&#105;n&#103;&#064;alb&#101;rtba&#107;e&#114;f&#117;nd.or&#103;\" title=\"Email Dominique Bita\u2019a Beling\">&#100;&#111;m&#105;&#110;&#105;q&#117;&#101;.be&#108;&#105;&#110;&#103;&#064;&#097;&#108;bert&#098;&#097;kerfun&#100;&#046;o&#114;&#103;<\/a><br \/>\r\n        Tel: +237 679 12 24 40\r\n        <\/p>\r\n        <div class=\"staff-member-bio\"><p>Yaounde, Cameroon<br \/>\nAnglais, Fran\u00e7ais<\/p>\n<\/div>\r\n    <\/div>\r\n<\/div> <!-- Close staff-member --><\/div> <!-- Close staff-member-listing -->\n<h3>Repr\u00e9sentants de l\u2019ABF dans les pays<\/h3>\n<style>\/*  div wrapped around entire staff list  *\/\r\ndiv.staff-member-listing {\r\n\r\n}\r\n\r\n\/*  div wrapped around each staff member  *\/\r\ndiv.staff-member {\r\n}\r\n\r\n\/*  &quot;Even&quot; staff member  *\/\r\ndiv.staff-member.even {\r\n}\r\n\r\n\/*  &quot;Odd&quot; staff member  *\/\r\ndiv.staff-member.odd {\r\n}\r\n\r\n\/*  Last staff member  *\/\r\ndiv.staff-member.last {\r\n}\r\n\r\n\/*  Wrap around staff info  *\/\r\n.staff-member-info-wrap {\r\n}\r\n\r\n\/*  [staff-bio-formatted]  *\/\r\ndiv.staff-member-bio {\r\n}\r\n\r\n\/*  p tags within [staff-bio-formatted]  *\/\r\ndiv.staff-member-bio p {\r\n}\r\n\r\n\/*  [staff-photo]  *\/\r\nimg.staff-member-photo {\r\n    \/* float: left; *\/\r\n}\r\n\r\n\/*  [staff-email-link]  *\/\r\n.staff-member-email {\r\n}\r\n\r\n\/*  [staff-name-formatted]  *\/\r\ndiv.staff-member-listing h3.staff-member-name {\r\n    margin: 0;\r\n}\r\n\r\n\/*  [staff-position-formatted]  *\/\r\ndiv.staff-member-listing h4.staff-member-position {\r\n    margin: 0;\r\n    font-style: italic;\r\n}\r\n\r\n\/* Clearfix for div.staff-member *\/\r\ndiv.staff-member:after {\r\n    content: &quot;&quot;;\r\n    display: block;\r\n    clear: both;\r\n}\r\n\r\n\/* Clearfix for &lt;= IE7 *\/\r\n* html div.staff-member { height: 1%; }\r\ndiv.staff-member { display: block; }<\/style><div class=\"staff-member-listing clearfix zambia\"><div class=\"staff-member col-xs-6 col-sm-4 col-md-3 even  last\">\r\n    <img decoding=\"async\" class=\"staff-member-photo img-circle\" src=\"https:\/\/africa.albertbakerfund.org\/files\/2018\/02\/gravatar-300x300.png\" alt=\"(English) Raphael Mwaba : Repr\u00e9sentant dans le pays pour Zambia\">\r\n    <div class=\"staff-member-info-wrap\">\r\n        <p style=\"margin-bottom: 0;\">\r\n        <strong>(English) Raphael Mwaba<\/strong><br \/>\r\n        <em>Repr\u00e9sentant dans le pays pour Zambia<\/em>\r\n        <a class=\"staff-member-email\" href=\"mailto:r&#097;&#112;&#104;&#097;e&#108;mw&#097;b&#097;20&#049;&#054;&#064;g&#109;a&#105;&#108;&#046;&#099;&#111;&#109;\" title=\"Email (English) Raphael Mwaba\">ra&#112;haelmwaba201&#054;&#064;gmai&#108;&#046;c&#111;m<\/a><br \/>\r\n        Tel: +260 97 5775 389\r\n        <\/p>\r\n        <div class=\"staff-member-bio\"><p>(English) Lusaka, Zambia<\/p>\n<\/div>\r\n    <\/div>\r\n<\/div> <!-- Close staff-member --><\/div> <!-- Close staff-member-listing -->\n<div class=\"clear\">\n<p>&nbsp;<\/p>\n<\/div>\n<p><\/p>","protected":false},"excerpt":{"rendered":"<p>&nbsp; ATTENTION : MISE A JOUR DE LA LISTE DES \u00c9COLES APPROUV\u00c9ES Albert Baker Fund offre des bourses de formation aux Scientistes Chr\u00e9tiens vivant en Zambie (Afrique) qui souhaitent s&rsquo;inscrire dans une universit\u00e9 ou un institut sup\u00e9rieur ou encore une \u00e9cole de formation professionnelle. Veuillez consulter la liste des \u00e9coles approuv\u00e9es ci-dessous. Albert Baker Fund [&hellip;]<\/p>\n","protected":false},"author":1,"featured_media":0,"parent":1323,"menu_order":0,"comment_status":"closed","ping_status":"open","template":"page_1_sidebar.php","meta":{"_monsterinsights_skip_tracking":false,"_monsterinsights_sitenote_active":false,"_monsterinsights_sitenote_note":"","_monsterinsights_sitenote_category":0,"jetpack_post_was_ever_published":false,"footnotes":""},"class_list":["post-1356","page","type-page","status-publish","hentry"],"jetpack_shortlink":"https:\/\/wp.me\/P2aAby-lS","jetpack_sharing_enabled":true,"_links":{"self":[{"href":"https:\/\/africa.albertbakerfund.org\/fr\/wp-json\/wp\/v2\/pages\/1356","targetHints":{"allow":["GET"]}}],"collection":[{"href":"https:\/\/africa.albertbakerfund.org\/fr\/wp-json\/wp\/v2\/pages"}],"about":[{"href":"https:\/\/africa.albertbakerfund.org\/fr\/wp-json\/wp\/v2\/types\/page"}],"author":[{"embeddable":true,"href":"https:\/\/africa.albertbakerfund.org\/fr\/wp-json\/wp\/v2\/users\/1"}],"replies":[{"embeddable":true,"href":"https:\/\/africa.albertbakerfund.org\/fr\/wp-json\/wp\/v2\/comments?post=1356"}],"version-history":[{"count":40,"href":"https:\/\/africa.albertbakerfund.org\/fr\/wp-json\/wp\/v2\/pages\/1356\/revisions"}],"predecessor-version":[{"id":15380,"href":"https:\/\/africa.albertbakerfund.org\/fr\/wp-json\/wp\/v2\/pages\/1356\/revisions\/15380"}],"up":[{"embeddable":true,"href":"https:\/\/africa.albertbakerfund.org\/fr\/wp-json\/wp\/v2\/pages\/1323"}],"wp:attachment":[{"href":"https:\/\/africa.albertbakerfund.org\/fr\/wp-json\/wp\/v2\/media?parent=1356"}],"curies":[{"name":"wp","href":"https:\/\/api.w.org\/{rel}","templated":true}]}}