{"id":1348,"date":"2011-03-31T15:42:16","date_gmt":"2011-03-31T22:42:16","guid":{"rendered":"http:\/\/africa.albertbakerfund.org\/?page_id=1348"},"modified":"2024-09-24T10:49:59","modified_gmt":"2024-09-24T17:49:59","slug":"nigeria","status":"publish","type":"page","link":"https:\/\/africa.albertbakerfund.org\/fr\/africa-college\/countries\/nigeria\/","title":{"rendered":"Le Nigeria"},"content":{"rendered":"<p><\/p>\n<h3>ATTENTION : MISE A JOUR DE LA LISTE DES \u00c9COLES APPROUV\u00c9ES<\/h3>\n<p>Albert Baker Fund offre des bourses de formation aux Scientistes Chr\u00e9tiens vivant en Zambie (Afrique) qui souhaitent s&rsquo;inscrire dans une universit\u00e9 ou un institut sup\u00e9rieur ou encore une \u00e9cole de formation professionnelle. Veuillez consulter la liste des \u00e9coles approuv\u00e9es ci-dessous. Albert Baker Fund sponsorisera uniquement les \u00e9tudiants candidats dans ces \u00e9coles. Les demandes de financement pour des \u00e9coles\/universit\u00e9s qui ne sont pas dans cette liste ne seront pas accept\u00e9es.<\/p>\n<h3>Liste des \u00e9coles\/universit\u00e9s approuv\u00e9es par ABF<\/h3>\n<ul>\n<li>Ajayi Crowther University<\/li>\n<li>Aptech Computer Education<\/li>\n<li>Computers Hi Tech Education&amp; Training Center<\/li>\n<li>Crawford University<\/li>\n<li>Enugu State University Of Science And Technology<\/li>\n<li>Federal Polytechnic Nekede<\/li>\n<li>Federal University Of Technology<\/li>\n<li>Kwara State University Malete Kwara State<\/li>\n<li>Lead City University, Ibadan<\/li>\n<li>Meridian Technologies Limited<\/li>\n<li>New Horizon Systems Solutions Ltd<\/li>\n<li>Nnamdi Azikiwe University<\/li>\n<li>Novena University<\/li>\n<li>Swintec Computer Institute<\/li>\n<li>University of Calabar<\/li>\n<\/ul>\n<h3>Directrice de programmes et Agent de traitement des demandes pour l&rsquo;Afrique<\/h3>\n<style>\/*  div wrapped around entire staff list  *\/\r\ndiv.staff-member-listing {\r\n\r\n}\r\n\r\n\/*  div wrapped around each staff member  *\/\r\ndiv.staff-member {\r\n}\r\n\r\n\/*  &quot;Even&quot; staff member  *\/\r\ndiv.staff-member.even {\r\n}\r\n\r\n\/*  &quot;Odd&quot; staff member  *\/\r\ndiv.staff-member.odd {\r\n}\r\n\r\n\/*  Last staff member  *\/\r\ndiv.staff-member.last {\r\n}\r\n\r\n\/*  Wrap around staff info  *\/\r\n.staff-member-info-wrap {\r\n}\r\n\r\n\/*  [staff-bio-formatted]  *\/\r\ndiv.staff-member-bio {\r\n}\r\n\r\n\/*  p tags within [staff-bio-formatted]  *\/\r\ndiv.staff-member-bio p {\r\n}\r\n\r\n\/*  [staff-photo]  *\/\r\nimg.staff-member-photo {\r\n    \/* float: left; *\/\r\n}\r\n\r\n\/*  [staff-email-link]  *\/\r\n.staff-member-email {\r\n}\r\n\r\n\/*  [staff-name-formatted]  *\/\r\ndiv.staff-member-listing h3.staff-member-name {\r\n    margin: 0;\r\n}\r\n\r\n\/*  [staff-position-formatted]  *\/\r\ndiv.staff-member-listing h4.staff-member-position {\r\n    margin: 0;\r\n    font-style: italic;\r\n}\r\n\r\n\/* Clearfix for div.staff-member *\/\r\ndiv.staff-member:after {\r\n    content: &quot;&quot;;\r\n    display: block;\r\n    clear: both;\r\n}\r\n\r\n\/* Clearfix for &lt;= IE7 *\/\r\n* html div.staff-member { height: 1%; }\r\ndiv.staff-member { display: block; }<\/style><div class=\"staff-member-listing clearfix abf staff in africa\"><div class=\"staff-member col-xs-6 col-sm-4 col-md-3 even \">\r\n    <img decoding=\"async\" class=\"staff-member-photo img-circle\" src=\"https:\/\/africa.albertbakerfund.org\/files\/2018\/02\/Lamech-Katamba-300x300.jpg\" alt=\"Lamech Katamba : Directeur de programme Afrique\">\r\n    <div class=\"staff-member-info-wrap\">\r\n        <p style=\"margin-bottom: 0;\">\r\n        <strong>Lamech Katamba<\/strong><br \/>\r\n        <em>Directeur de programme Afrique<\/em>\r\n        <a class=\"staff-member-email\" href=\"mailto:&#108;am&#101;c&#104;&#064;al&#098;&#101;&#114;&#116;ba&#107;&#101;&#114;&#102;u&#110;d.o&#114;&#103;\" title=\"Email Lamech Katamba\">&#108;amec&#104;&#064;al&#098;e&#114;t&#098;&#097;ke&#114;&#102;&#117;n&#100;&#046;org<\/a><br \/>\r\n        Tel: +256 753 40 86 45\r\n        <\/p>\r\n        <div class=\"staff-member-bio\"><p>Skype: lamechkatamba<br \/>\nKampala, Uganda<br \/>\nAnglais, Luganda, Swahili<\/p>\n<\/div>\r\n    <\/div>\r\n<\/div> <!-- Close staff-member --><div class=\"staff-member col-xs-6 col-sm-4 col-md-3 odd  last\">\r\n    <img decoding=\"async\" class=\"staff-member-photo img-circle\" src=\"https:\/\/africa.albertbakerfund.org\/files\/2018\/02\/Dominique-Bitaa-Beling-300x300.jpg\" alt=\"Dominique Bita\u2019a Beling : Agent de traitement des demandes pour l\u2019Afrique\">\r\n    <div class=\"staff-member-info-wrap\">\r\n        <p style=\"margin-bottom: 0;\">\r\n        <strong>Dominique Bita\u2019a Beling<\/strong><br \/>\r\n        <em>Agent de traitement des demandes pour l\u2019Afrique<\/em>\r\n        <a class=\"staff-member-email\" href=\"mailto:d&#111;mini&#113;u&#101;&#046;&#098;e&#108;i&#110;g&#064;&#097;&#108;b&#101;&#114;t&#098;ake&#114;f&#117;&#110;d&#046;&#111;r&#103;\" title=\"Email Dominique Bita\u2019a Beling\">&#100;om&#105;&#110;&#105;qu&#101;&#046;&#098;e&#108;in&#103;&#064;a&#108;&#098;e&#114;t&#098;ak&#101;rf&#117;n&#100;.or&#103;<\/a><br \/>\r\n        Tel: +237 679 12 24 40\r\n        <\/p>\r\n        <div class=\"staff-member-bio\"><p>Yaounde, Cameroon<br \/>\nAnglais, Fran\u00e7ais<\/p>\n<\/div>\r\n    <\/div>\r\n<\/div> <!-- Close staff-member --><\/div> <!-- Close staff-member-listing -->\n<h3>Repr\u00e9sentants de l\u2019ABF dans les pays<\/h3>\n<style>\/*  div wrapped around entire staff list  *\/\r\ndiv.staff-member-listing {\r\n\r\n}\r\n\r\n\/*  div wrapped around each staff member  *\/\r\ndiv.staff-member {\r\n}\r\n\r\n\/*  &quot;Even&quot; staff member  *\/\r\ndiv.staff-member.even {\r\n}\r\n\r\n\/*  &quot;Odd&quot; staff member  *\/\r\ndiv.staff-member.odd {\r\n}\r\n\r\n\/*  Last staff member  *\/\r\ndiv.staff-member.last {\r\n}\r\n\r\n\/*  Wrap around staff info  *\/\r\n.staff-member-info-wrap {\r\n}\r\n\r\n\/*  [staff-bio-formatted]  *\/\r\ndiv.staff-member-bio {\r\n}\r\n\r\n\/*  p tags within [staff-bio-formatted]  *\/\r\ndiv.staff-member-bio p {\r\n}\r\n\r\n\/*  [staff-photo]  *\/\r\nimg.staff-member-photo {\r\n    \/* float: left; *\/\r\n}\r\n\r\n\/*  [staff-email-link]  *\/\r\n.staff-member-email {\r\n}\r\n\r\n\/*  [staff-name-formatted]  *\/\r\ndiv.staff-member-listing h3.staff-member-name {\r\n    margin: 0;\r\n}\r\n\r\n\/*  [staff-position-formatted]  *\/\r\ndiv.staff-member-listing h4.staff-member-position {\r\n    margin: 0;\r\n    font-style: italic;\r\n}\r\n\r\n\/* Clearfix for div.staff-member *\/\r\ndiv.staff-member:after {\r\n    content: &quot;&quot;;\r\n    display: block;\r\n    clear: both;\r\n}\r\n\r\n\/* Clearfix for &lt;= IE7 *\/\r\n* html div.staff-member { height: 1%; }\r\ndiv.staff-member { display: block; }<\/style><div class=\"staff-member-listing clearfix nigeria\"><div class=\"staff-member col-xs-6 col-sm-4 col-md-3 even \">\r\n    <img decoding=\"async\" class=\"staff-member-photo img-circle\" src=\"https:\/\/africa.albertbakerfund.org\/files\/2018\/02\/gravatar-300x300.png\" alt=\"Douglas Egwuenu : Repr\u00e9sentant dans le pays pour Nigeria\">\r\n    <div class=\"staff-member-info-wrap\">\r\n        <p style=\"margin-bottom: 0;\">\r\n        <strong>Douglas Egwuenu<\/strong><br \/>\r\n        <em>Repr\u00e9sentant dans le pays pour Nigeria<\/em>\r\n        <a class=\"staff-member-email\" href=\"mailto:d&#111;&#117;&#103;l&#097;&#115;&#095;&#101;&#103;&#119;&#117;&#101;nu&#064;&#121;ah&#111;o&#046;&#099;&#111;&#109;\" title=\"Email Douglas Egwuenu\">d&#111;u&#103;l&#097;s_&#101;g&#119;u&#101;&#110;&#117;&#064;&#121;&#097;&#104;&#111;&#111;.&#099;om<\/a><br \/>\r\n        Tel: +234 803 333 3803\r\n        <\/p>\r\n        <div class=\"staff-member-bio\"><p>Lagos, Nigeria<br \/>\nAnglais<\/p>\n<\/div>\r\n    <\/div>\r\n<\/div> <!-- Close staff-member --><div class=\"staff-member col-xs-6 col-sm-4 col-md-3 odd \">\r\n    <img decoding=\"async\" class=\"staff-member-photo img-circle\" src=\"https:\/\/africa.albertbakerfund.org\/files\/2025\/01\/Maureen-Nwogbo-300x300.jpg\" alt=\"Nwali Chimezie Maureen : Repr\u00e9sentant dans le pays pour Nigeria\">\r\n    <div class=\"staff-member-info-wrap\">\r\n        <p style=\"margin-bottom: 0;\">\r\n        <strong>Nwali Chimezie Maureen<\/strong><br \/>\r\n        <em>Repr\u00e9sentant dans le pays pour Nigeria<\/em>\r\n        <a class=\"staff-member-email\" href=\"mailto:&#110;&#119;o&#103;&#098;oc&#104;&#105;&#109;e&#122;&#064;&#103;&#109;ai&#108;.c&#111;&#109;\" title=\"Email Nwali Chimezie Maureen\">&#110;w&#111;&#103;&#098;o&#099;&#104;&#105;me&#122;&#064;g&#109;a&#105;l&#046;c&#111;m<\/a><br \/>\r\n        Tel: 07068464823\r\n        <\/p>\r\n        <div class=\"staff-member-bio\"><p>Port Harcourt, Nigeria<br \/>\nAnglais<\/p>\n<\/div>\r\n    <\/div>\r\n<\/div> <!-- Close staff-member --><div class=\"staff-member col-xs-6 col-sm-4 col-md-3 even  last\">\r\n    <img decoding=\"async\" class=\"staff-member-photo img-circle\" src=\"https:\/\/africa.albertbakerfund.org\/files\/2018\/02\/gravatar-300x300.png\" alt=\"Udeagwu Uche : Repr\u00e9sentant dans le pays pour Nigeria\">\r\n    <div class=\"staff-member-info-wrap\">\r\n        <p style=\"margin-bottom: 0;\">\r\n        <strong>Udeagwu Uche<\/strong><br \/>\r\n        <em>Repr\u00e9sentant dans le pays pour Nigeria<\/em>\r\n        <a class=\"staff-member-email\" href=\"mailto:u&#117;d&#101;&#097;gwu&#064;&#103;mail.&#099;o&#109;\" title=\"Email Udeagwu Uche\">&#117;u&#100;&#101;a&#103;&#119;u&#064;gm&#097;il&#046;c&#111;m<\/a><br \/>\r\n        Tel: +234 8091 876 550\r\n        <\/p>\r\n        <div class=\"staff-member-bio\"><p>Lagos, Nigeria<br \/>\nAnglais<\/p>\n<\/div>\r\n    <\/div>\r\n<\/div> <!-- Close staff-member --><\/div> <!-- Close staff-member-listing -->\n<div class=\"clear\">\n<p>&nbsp;<\/p>\n<\/div>\n<p><\/p>","protected":false},"excerpt":{"rendered":"<p>ATTENTION : MISE A JOUR DE LA LISTE DES \u00c9COLES APPROUV\u00c9ES Albert Baker Fund offre des bourses de formation aux Scientistes Chr\u00e9tiens vivant en Zambie (Afrique) qui souhaitent s&rsquo;inscrire dans une universit\u00e9 ou un institut sup\u00e9rieur ou encore une \u00e9cole de formation professionnelle. Veuillez consulter la liste des \u00e9coles approuv\u00e9es ci-dessous. Albert Baker Fund sponsorisera [&hellip;]<\/p>\n","protected":false},"author":1,"featured_media":0,"parent":1323,"menu_order":0,"comment_status":"closed","ping_status":"open","template":"page_1_sidebar.php","meta":{"_monsterinsights_skip_tracking":false,"_monsterinsights_sitenote_active":false,"_monsterinsights_sitenote_note":"","_monsterinsights_sitenote_category":0,"jetpack_post_was_ever_published":false,"footnotes":""},"class_list":["post-1348","page","type-page","status-publish","hentry"],"jetpack_shortlink":"https:\/\/wp.me\/P2aAby-lK","jetpack_sharing_enabled":true,"_links":{"self":[{"href":"https:\/\/africa.albertbakerfund.org\/fr\/wp-json\/wp\/v2\/pages\/1348","targetHints":{"allow":["GET"]}}],"collection":[{"href":"https:\/\/africa.albertbakerfund.org\/fr\/wp-json\/wp\/v2\/pages"}],"about":[{"href":"https:\/\/africa.albertbakerfund.org\/fr\/wp-json\/wp\/v2\/types\/page"}],"author":[{"embeddable":true,"href":"https:\/\/africa.albertbakerfund.org\/fr\/wp-json\/wp\/v2\/users\/1"}],"replies":[{"embeddable":true,"href":"https:\/\/africa.albertbakerfund.org\/fr\/wp-json\/wp\/v2\/comments?post=1348"}],"version-history":[{"count":52,"href":"https:\/\/africa.albertbakerfund.org\/fr\/wp-json\/wp\/v2\/pages\/1348\/revisions"}],"predecessor-version":[{"id":15375,"href":"https:\/\/africa.albertbakerfund.org\/fr\/wp-json\/wp\/v2\/pages\/1348\/revisions\/15375"}],"up":[{"embeddable":true,"href":"https:\/\/africa.albertbakerfund.org\/fr\/wp-json\/wp\/v2\/pages\/1323"}],"wp:attachment":[{"href":"https:\/\/africa.albertbakerfund.org\/fr\/wp-json\/wp\/v2\/media?parent=1348"}],"curies":[{"name":"wp","href":"https:\/\/api.w.org\/{rel}","templated":true}]}}