{"id":1342,"date":"2011-03-31T15:41:29","date_gmt":"2011-03-31T22:41:29","guid":{"rendered":"http:\/\/africa.albertbakerfund.org\/?page_id=1342"},"modified":"2025-05-09T15:57:00","modified_gmt":"2025-05-09T22:57:00","slug":"congo","status":"publish","type":"page","link":"https:\/\/africa.albertbakerfund.org\/fr\/africa-college\/countries\/congo\/","title":{"rendered":"La R\u00e9publique du Congo"},"content":{"rendered":"<p>&nbsp;<\/p>\n<h3>ATTENTION : MISE A JOUR DE LA LISTE DES \u00c9COLES APPROUV\u00c9ES<\/h3>\n<p>Albert Baker Fund offre des bourses de formation aux Scientistes Chr\u00e9tiens vivant en Congo (Afrique) qui souhaitent s&rsquo;inscrire dans une universit\u00e9 ou un institut sup\u00e9rieur ou encore une \u00e9cole de formation professionnelle. Veuillez consulter la liste des \u00e9coles approuv\u00e9es ci-dessous. Albert Baker Fund sponsorisera uniquement les \u00e9tudiants candidats dans ces \u00e9coles. Les demandes de financement pour des \u00e9coles\/universit\u00e9s qui ne sont pas dans cette liste ne seront pas accept\u00e9es.<\/p>\n<h3>Liste des \u00e9coles\/universit\u00e9s approuv\u00e9es par ABF<\/h3>\n<ul>\n<li>Institut Sup\u00e9rieur de Commerce de Technologie Informatique et Industrielle (ISCTI)<\/li>\n<li>Institut Sup\u00e9rieur de Technologie la Martiniere<\/li>\n<li>Institut Management de Brazzaville<\/li>\n<li>Connie&rsquo;s Academy<\/li>\n<li>Vocational English Language Center (VETC)<\/li>\n<li>American International School of Brazzaville<\/li>\n<li>Institut Sup\u00e9rieur de Commerce d&rsquo;Administration et de Technoligies (ESCAT)<\/li>\n<li>Institut de Gestion et de Technoligie<\/li>\n<li>Ecole Africaine de D\u00e9veloppement en sigle (EAD)<\/li>\n<li>Institut Sup\u00e9rieur de Technologie et de Commerce en sigle (ISTC)<\/li>\n<li>Afrikan Campus<\/li>\n<li>Discover America English Training Center<\/li>\n<\/ul>\n<h3>Directrice de programmes et Agent de traitement des demandes pour l&rsquo;Afrique<\/h3>\n<style>\/*  div wrapped around entire staff list  *\/\r\ndiv.staff-member-listing {\r\n\r\n}\r\n\r\n\/*  div wrapped around each staff member  *\/\r\ndiv.staff-member {\r\n}\r\n\r\n\/*  &quot;Even&quot; staff member  *\/\r\ndiv.staff-member.even {\r\n}\r\n\r\n\/*  &quot;Odd&quot; staff member  *\/\r\ndiv.staff-member.odd {\r\n}\r\n\r\n\/*  Last staff member  *\/\r\ndiv.staff-member.last {\r\n}\r\n\r\n\/*  Wrap around staff info  *\/\r\n.staff-member-info-wrap {\r\n}\r\n\r\n\/*  [staff-bio-formatted]  *\/\r\ndiv.staff-member-bio {\r\n}\r\n\r\n\/*  p tags within [staff-bio-formatted]  *\/\r\ndiv.staff-member-bio p {\r\n}\r\n\r\n\/*  [staff-photo]  *\/\r\nimg.staff-member-photo {\r\n    \/* float: left; *\/\r\n}\r\n\r\n\/*  [staff-email-link]  *\/\r\n.staff-member-email {\r\n}\r\n\r\n\/*  [staff-name-formatted]  *\/\r\ndiv.staff-member-listing h3.staff-member-name {\r\n    margin: 0;\r\n}\r\n\r\n\/*  [staff-position-formatted]  *\/\r\ndiv.staff-member-listing h4.staff-member-position {\r\n    margin: 0;\r\n    font-style: italic;\r\n}\r\n\r\n\/* Clearfix for div.staff-member *\/\r\ndiv.staff-member:after {\r\n    content: &quot;&quot;;\r\n    display: block;\r\n    clear: both;\r\n}\r\n\r\n\/* Clearfix for &lt;= IE7 *\/\r\n* html div.staff-member { height: 1%; }\r\ndiv.staff-member { display: block; }<\/style><div class=\"staff-member-listing clearfix abf staff in africa\"><div class=\"staff-member col-xs-6 col-sm-4 col-md-3 even \">\r\n    <img decoding=\"async\" class=\"staff-member-photo img-circle\" src=\"https:\/\/africa.albertbakerfund.org\/files\/2018\/02\/Lamech-Katamba-300x300.jpg\" alt=\"Lamech Katamba : Directeur de programme Afrique\">\r\n    <div class=\"staff-member-info-wrap\">\r\n        <p style=\"margin-bottom: 0;\">\r\n        <strong>Lamech Katamba<\/strong><br \/>\r\n        <em>Directeur de programme Afrique<\/em>\r\n        <a class=\"staff-member-email\" href=\"mailto:lam&#101;&#099;h&#064;alber&#116;&#098;&#097;k&#101;rfun&#100;.&#111;&#114;g\" title=\"Email Lamech Katamba\">&#108;&#097;m&#101;ch&#064;al&#098;e&#114;&#116;ba&#107;&#101;&#114;f&#117;n&#100;&#046;o&#114;&#103;<\/a><br \/>\r\n        Tel: +256 753 40 86 45\r\n        <\/p>\r\n        <div class=\"staff-member-bio\"><p>Skype: lamechkatamba<br \/>\nKampala, Uganda<br \/>\nAnglais, Luganda, Swahili<\/p>\n<\/div>\r\n    <\/div>\r\n<\/div> <!-- Close staff-member --><div class=\"staff-member col-xs-6 col-sm-4 col-md-3 odd  last\">\r\n    <img decoding=\"async\" class=\"staff-member-photo img-circle\" src=\"https:\/\/africa.albertbakerfund.org\/files\/2018\/02\/Dominique-Bitaa-Beling-300x300.jpg\" alt=\"Dominique Bita\u2019a Beling : Agent de traitement des demandes pour l\u2019Afrique\">\r\n    <div class=\"staff-member-info-wrap\">\r\n        <p style=\"margin-bottom: 0;\">\r\n        <strong>Dominique Bita\u2019a Beling<\/strong><br \/>\r\n        <em>Agent de traitement des demandes pour l\u2019Afrique<\/em>\r\n        <a class=\"staff-member-email\" href=\"mailto:&#100;omin&#105;q&#117;e&#046;be&#108;&#105;&#110;g&#064;&#097;l&#098;ert&#098;akerf&#117;&#110;d.&#111;rg\" title=\"Email Dominique Bita\u2019a Beling\">domin&#105;que.beling&#064;&#097;&#108;b&#101;&#114;tb&#097;&#107;&#101;&#114;&#102;&#117;n&#100;.&#111;&#114;&#103;<\/a><br \/>\r\n        Tel: +237 679 12 24 40\r\n        <\/p>\r\n        <div class=\"staff-member-bio\"><p>Yaounde, Cameroon<br \/>\nAnglais, Fran\u00e7ais<\/p>\n<\/div>\r\n    <\/div>\r\n<\/div> <!-- Close staff-member --><\/div> <!-- Close staff-member-listing -->\n<h3>Repr\u00e9sentants de l\u2019ABF dans les pays<\/h3>\n<style>\/*  div wrapped around entire staff list  *\/\r\ndiv.staff-member-listing {\r\n\r\n}\r\n\r\n\/*  div wrapped around each staff member  *\/\r\ndiv.staff-member {\r\n}\r\n\r\n\/*  &quot;Even&quot; staff member  *\/\r\ndiv.staff-member.even {\r\n}\r\n\r\n\/*  &quot;Odd&quot; staff member  *\/\r\ndiv.staff-member.odd {\r\n}\r\n\r\n\/*  Last staff member  *\/\r\ndiv.staff-member.last {\r\n}\r\n\r\n\/*  Wrap around staff info  *\/\r\n.staff-member-info-wrap {\r\n}\r\n\r\n\/*  [staff-bio-formatted]  *\/\r\ndiv.staff-member-bio {\r\n}\r\n\r\n\/*  p tags within [staff-bio-formatted]  *\/\r\ndiv.staff-member-bio p {\r\n}\r\n\r\n\/*  [staff-photo]  *\/\r\nimg.staff-member-photo {\r\n    \/* float: left; *\/\r\n}\r\n\r\n\/*  [staff-email-link]  *\/\r\n.staff-member-email {\r\n}\r\n\r\n\/*  [staff-name-formatted]  *\/\r\ndiv.staff-member-listing h3.staff-member-name {\r\n    margin: 0;\r\n}\r\n\r\n\/*  [staff-position-formatted]  *\/\r\ndiv.staff-member-listing h4.staff-member-position {\r\n    margin: 0;\r\n    font-style: italic;\r\n}\r\n\r\n\/* Clearfix for div.staff-member *\/\r\ndiv.staff-member:after {\r\n    content: &quot;&quot;;\r\n    display: block;\r\n    clear: both;\r\n}\r\n\r\n\/* Clearfix for &lt;= IE7 *\/\r\n* html div.staff-member { height: 1%; }\r\ndiv.staff-member { display: block; }<\/style><div class=\"staff-member-listing clearfix republic of the congo\"><div class=\"staff-member col-xs-6 col-sm-4 col-md-3 even \">\r\n    <img decoding=\"async\" class=\"staff-member-photo img-circle\" src=\"https:\/\/africa.albertbakerfund.org\/files\/2018\/02\/gravatar-300x300.png\" alt=\"Marc Christian Poaty Djembo : Repr\u00e9sentant dans le pays pour Congo\">\r\n    <div class=\"staff-member-info-wrap\">\r\n        <p style=\"margin-bottom: 0;\">\r\n        <strong>Marc Christian Poaty Djembo<\/strong><br \/>\r\n        <em>Repr\u00e9sentant dans le pays pour Congo<\/em>\r\n        <a class=\"staff-member-email\" href=\"mailto:&#109;&#097;&#114;&#099;&#111;s&#099;&#104;ristu&#115;&#064;&#121;ah&#111;&#111;.&#102;r\" title=\"Email Marc Christian Poaty Djembo\">m&#097;&#114;c&#111;sc&#104;r&#105;&#115;&#116;u&#115;&#064;&#121;ah&#111;o.&#102;&#114;<\/a><br \/>\r\n        Tel: + 242 066786865\r\n        <\/p>\r\n        <div class=\"staff-member-bio\"><p>Pointe Noire, Congo<br \/>\nFran\u00e7ais<\/p>\n<\/div>\r\n    <\/div>\r\n<\/div> <!-- Close staff-member --><div class=\"staff-member col-xs-6 col-sm-4 col-md-3 odd  last\">\r\n    <img decoding=\"async\" class=\"staff-member-photo img-circle\" src=\"https:\/\/africa.albertbakerfund.org\/files\/2018\/02\/gravatar-300x300.png\" alt=\"Davy Ngamoueri : Repr\u00e9sentant dans le pays pour Congo\">\r\n    <div class=\"staff-member-info-wrap\">\r\n        <p style=\"margin-bottom: 0;\">\r\n        <strong>Davy Ngamoueri<\/strong><br \/>\r\n        <em>Repr\u00e9sentant dans le pays pour Congo<\/em>\r\n        <a class=\"staff-member-email\" href=\"mailto:&#100;av&#121;&#046;ng&#097;&#109;o&#117;eri&#048;1&#064;&#103;&#109;a&#105;l.&#099;&#111;m\" title=\"Email Davy Ngamoueri\">da&#118;&#121;.n&#103;am&#111;&#117;e&#114;i&#048;1&#064;&#103;&#109;&#097;&#105;l.&#099;&#111;&#109;<\/a><br \/>\r\n        Tel: +242 055 286 628\r\n        <\/p>\r\n        <div class=\"staff-member-bio\"><p>Brazzaville, Congo<\/p>\n<\/div>\r\n    <\/div>\r\n<\/div> <!-- Close staff-member --><\/div> <!-- Close staff-member-listing -->\n<div class=\"clear\">\n<p>&nbsp;<\/p>\n<\/div>\n<p><\/p>","protected":false},"excerpt":{"rendered":"<p>&nbsp; ATTENTION : MISE A JOUR DE LA LISTE DES \u00c9COLES APPROUV\u00c9ES Albert Baker Fund offre des bourses de formation aux Scientistes Chr\u00e9tiens vivant en Congo (Afrique) qui souhaitent s&rsquo;inscrire dans une universit\u00e9 ou un institut sup\u00e9rieur ou encore une \u00e9cole de formation professionnelle. Veuillez consulter la liste des \u00e9coles approuv\u00e9es ci-dessous. Albert Baker Fund [&hellip;]<\/p>\n","protected":false},"author":1,"featured_media":0,"parent":1323,"menu_order":0,"comment_status":"closed","ping_status":"open","template":"page_1_sidebar.php","meta":{"_monsterinsights_skip_tracking":false,"_monsterinsights_sitenote_active":false,"_monsterinsights_sitenote_note":"","_monsterinsights_sitenote_category":0,"jetpack_post_was_ever_published":false,"footnotes":""},"class_list":["post-1342","page","type-page","status-publish","hentry"],"jetpack_shortlink":"https:\/\/wp.me\/P2aAby-lE","jetpack_sharing_enabled":true,"_links":{"self":[{"href":"https:\/\/africa.albertbakerfund.org\/fr\/wp-json\/wp\/v2\/pages\/1342","targetHints":{"allow":["GET"]}}],"collection":[{"href":"https:\/\/africa.albertbakerfund.org\/fr\/wp-json\/wp\/v2\/pages"}],"about":[{"href":"https:\/\/africa.albertbakerfund.org\/fr\/wp-json\/wp\/v2\/types\/page"}],"author":[{"embeddable":true,"href":"https:\/\/africa.albertbakerfund.org\/fr\/wp-json\/wp\/v2\/users\/1"}],"replies":[{"embeddable":true,"href":"https:\/\/africa.albertbakerfund.org\/fr\/wp-json\/wp\/v2\/comments?post=1342"}],"version-history":[{"count":68,"href":"https:\/\/africa.albertbakerfund.org\/fr\/wp-json\/wp\/v2\/pages\/1342\/revisions"}],"predecessor-version":[{"id":15801,"href":"https:\/\/africa.albertbakerfund.org\/fr\/wp-json\/wp\/v2\/pages\/1342\/revisions\/15801"}],"up":[{"embeddable":true,"href":"https:\/\/africa.albertbakerfund.org\/fr\/wp-json\/wp\/v2\/pages\/1323"}],"wp:attachment":[{"href":"https:\/\/africa.albertbakerfund.org\/fr\/wp-json\/wp\/v2\/media?parent=1342"}],"curies":[{"name":"wp","href":"https:\/\/api.w.org\/{rel}","templated":true}]}}