{"id":1340,"date":"2011-03-31T15:41:11","date_gmt":"2011-03-31T22:41:11","guid":{"rendered":"http:\/\/africa.albertbakerfund.org\/?page_id=1340"},"modified":"2024-09-24T10:49:02","modified_gmt":"2024-09-24T17:49:02","slug":"drc","status":"publish","type":"page","link":"https:\/\/africa.albertbakerfund.org\/fr\/africa-college\/countries\/drc\/","title":{"rendered":"La R\u00e9publique D\u00e9mocratique du Congo (RDC)"},"content":{"rendered":"<p>&nbsp;<\/p>\n<h3>ATTENTION : MISE A JOUR DE LA LISTE DES \u00c9COLES APPROUV\u00c9ES<\/h3>\n<p>Albert Baker Fund offre des bourses de formation aux Scientistes Chr\u00e9tiens vivant en Zambie (Afrique) qui souhaitent s&rsquo;inscrire dans une universit\u00e9 ou un institut sup\u00e9rieur ou encore une \u00e9cole de formation professionnelle. Veuillez consulter la liste des \u00e9coles approuv\u00e9es ci-dessous. Albert Baker Fund sponsorisera uniquement les \u00e9tudiants candidats dans ces \u00e9coles. Les demandes de financement pour des \u00e9coles\/universit\u00e9s qui ne sont pas dans cette liste ne seront pas accept\u00e9es.<\/p>\n<h3>Liste des \u00e9coles\/universit\u00e9s approuv\u00e9es par ABF<\/h3>\n<ul>\n<li>Universit\u00e9 Protestante du Congo<\/li>\n<li>Universit\u00e9 President Joseph Kasavubu (UKV)\/ Boma<\/li>\n<li>Universit\u00e9 P\u00e9dagogique Nationale (UPN)<\/li>\n<li>Universit\u00e9 P\u00e9dagogique de Kinshasa<\/li>\n<li>Universit\u00e9 Kongo<\/li>\n<li>Universit\u00e9 de Kinshasa<\/li>\n<li>ISTA Academy CISCO<\/li>\n<li>Institut sup\u00e9rieur P\u00e9dagogique (ISP) Moanda<\/li>\n<li>Institut Sup\u00e9rieur P\u00e9dagogique (ISP) Boma<\/li>\n<li>Institut Sup\u00e9rieur des Techniques Appliqu\u00e9s Kinshasa<\/li>\n<li>Institut Sup\u00e9rieur d&rsquo;Informatique Programmation et Analyse<\/li>\n<li>Institut National du Batiment et des Traveau Publics (INBTP)<\/li>\n<li>Institut de Sup\u00e9rieur de Commerce de Kinshasa<\/li>\n<li>Congo American Language Institute (CALI)<\/li>\n<li>Universite Loyola du Congo<\/li>\n<\/ul>\n<h3>Directrice de programmes et Agent de traitement des demandes pour l&rsquo;Afrique<\/h3>\n<style>\/*  div wrapped around entire staff list  *\/\r\ndiv.staff-member-listing {\r\n\r\n}\r\n\r\n\/*  div wrapped around each staff member  *\/\r\ndiv.staff-member {\r\n}\r\n\r\n\/*  &quot;Even&quot; staff member  *\/\r\ndiv.staff-member.even {\r\n}\r\n\r\n\/*  &quot;Odd&quot; staff member  *\/\r\ndiv.staff-member.odd {\r\n}\r\n\r\n\/*  Last staff member  *\/\r\ndiv.staff-member.last {\r\n}\r\n\r\n\/*  Wrap around staff info  *\/\r\n.staff-member-info-wrap {\r\n}\r\n\r\n\/*  [staff-bio-formatted]  *\/\r\ndiv.staff-member-bio {\r\n}\r\n\r\n\/*  p tags within [staff-bio-formatted]  *\/\r\ndiv.staff-member-bio p {\r\n}\r\n\r\n\/*  [staff-photo]  *\/\r\nimg.staff-member-photo {\r\n    \/* float: left; *\/\r\n}\r\n\r\n\/*  [staff-email-link]  *\/\r\n.staff-member-email {\r\n}\r\n\r\n\/*  [staff-name-formatted]  *\/\r\ndiv.staff-member-listing h3.staff-member-name {\r\n    margin: 0;\r\n}\r\n\r\n\/*  [staff-position-formatted]  *\/\r\ndiv.staff-member-listing h4.staff-member-position {\r\n    margin: 0;\r\n    font-style: italic;\r\n}\r\n\r\n\/* Clearfix for div.staff-member *\/\r\ndiv.staff-member:after {\r\n    content: &quot;&quot;;\r\n    display: block;\r\n    clear: both;\r\n}\r\n\r\n\/* Clearfix for &lt;= IE7 *\/\r\n* html div.staff-member { height: 1%; }\r\ndiv.staff-member { display: block; }<\/style><div class=\"staff-member-listing clearfix abf staff in africa\"><div class=\"staff-member col-xs-6 col-sm-4 col-md-3 even \">\r\n    <img decoding=\"async\" class=\"staff-member-photo img-circle\" src=\"https:\/\/africa.albertbakerfund.org\/files\/2018\/02\/Lamech-Katamba-300x300.jpg\" alt=\"Lamech Katamba : Directeur de programme Afrique\">\r\n    <div class=\"staff-member-info-wrap\">\r\n        <p style=\"margin-bottom: 0;\">\r\n        <strong>Lamech Katamba<\/strong><br \/>\r\n        <em>Directeur de programme Afrique<\/em>\r\n        <a class=\"staff-member-email\" href=\"mailto:&#108;&#097;mech&#064;alb&#101;&#114;&#116;&#098;&#097;&#107;e&#114;f&#117;nd.&#111;rg\" title=\"Email Lamech Katamba\">lam&#101;&#099;h&#064;alb&#101;&#114;&#116;ba&#107;e&#114;&#102;&#117;&#110;d.&#111;&#114;&#103;<\/a><br \/>\r\n        Tel: +256 753 40 86 45\r\n        <\/p>\r\n        <div class=\"staff-member-bio\"><p>Skype: lamechkatamba<br \/>\nKampala, Uganda<br \/>\nAnglais, Luganda, Swahili<\/p>\n<\/div>\r\n    <\/div>\r\n<\/div> <!-- Close staff-member --><div class=\"staff-member col-xs-6 col-sm-4 col-md-3 odd  last\">\r\n    <img decoding=\"async\" class=\"staff-member-photo img-circle\" src=\"https:\/\/africa.albertbakerfund.org\/files\/2018\/02\/Dominique-Bitaa-Beling-300x300.jpg\" alt=\"Dominique Bita\u2019a Beling : Agent de traitement des demandes pour l\u2019Afrique\">\r\n    <div class=\"staff-member-info-wrap\">\r\n        <p style=\"margin-bottom: 0;\">\r\n        <strong>Dominique Bita\u2019a Beling<\/strong><br \/>\r\n        <em>Agent de traitement des demandes pour l\u2019Afrique<\/em>\r\n        <a class=\"staff-member-email\" href=\"mailto:do&#109;&#105;&#110;i&#113;&#117;e&#046;be&#108;i&#110;g&#064;a&#108;b&#101;rt&#098;a&#107;&#101;&#114;fund.or&#103;\" title=\"Email Dominique Bita\u2019a Beling\">&#100;o&#109;&#105;&#110;&#105;q&#117;e&#046;&#098;e&#108;ing&#064;alber&#116;&#098;ak&#101;&#114;&#102;u&#110;d&#046;&#111;&#114;g<\/a><br \/>\r\n        Tel: +237 679 12 24 40\r\n        <\/p>\r\n        <div class=\"staff-member-bio\"><p>Yaounde, Cameroon<br \/>\nAnglais, Fran\u00e7ais<\/p>\n<\/div>\r\n    <\/div>\r\n<\/div> <!-- Close staff-member --><\/div> <!-- Close staff-member-listing -->\n<h3>Repr\u00e9sentants de l\u2019ABF dans les pays<\/h3>\n<style>\/*  div wrapped around entire staff list  *\/\r\ndiv.staff-member-listing {\r\n\r\n}\r\n\r\n\/*  div wrapped around each staff member  *\/\r\ndiv.staff-member {\r\n}\r\n\r\n\/*  &quot;Even&quot; staff member  *\/\r\ndiv.staff-member.even {\r\n}\r\n\r\n\/*  &quot;Odd&quot; staff member  *\/\r\ndiv.staff-member.odd {\r\n}\r\n\r\n\/*  Last staff member  *\/\r\ndiv.staff-member.last {\r\n}\r\n\r\n\/*  Wrap around staff info  *\/\r\n.staff-member-info-wrap {\r\n}\r\n\r\n\/*  [staff-bio-formatted]  *\/\r\ndiv.staff-member-bio {\r\n}\r\n\r\n\/*  p tags within [staff-bio-formatted]  *\/\r\ndiv.staff-member-bio p {\r\n}\r\n\r\n\/*  [staff-photo]  *\/\r\nimg.staff-member-photo {\r\n    \/* float: left; *\/\r\n}\r\n\r\n\/*  [staff-email-link]  *\/\r\n.staff-member-email {\r\n}\r\n\r\n\/*  [staff-name-formatted]  *\/\r\ndiv.staff-member-listing h3.staff-member-name {\r\n    margin: 0;\r\n}\r\n\r\n\/*  [staff-position-formatted]  *\/\r\ndiv.staff-member-listing h4.staff-member-position {\r\n    margin: 0;\r\n    font-style: italic;\r\n}\r\n\r\n\/* Clearfix for div.staff-member *\/\r\ndiv.staff-member:after {\r\n    content: &quot;&quot;;\r\n    display: block;\r\n    clear: both;\r\n}\r\n\r\n\/* Clearfix for &lt;= IE7 *\/\r\n* html div.staff-member { height: 1%; }\r\ndiv.staff-member { display: block; }<\/style><div class=\"staff-member-listing clearfix the democratic republic of the congo (drc)\"><div class=\"staff-member col-xs-6 col-sm-4 col-md-3 even \">\r\n    <img decoding=\"async\" class=\"staff-member-photo img-circle\" src=\"https:\/\/africa.albertbakerfund.org\/files\/2018\/02\/gravatar-300x300.png\" alt=\"Joachim Kininga : Repr\u00e9sentant dans le pays pour DRC\">\r\n    <div class=\"staff-member-info-wrap\">\r\n        <p style=\"margin-bottom: 0;\">\r\n        <strong>Joachim Kininga<\/strong><br \/>\r\n        <em>Repr\u00e9sentant dans le pays pour DRC<\/em>\r\n        <a class=\"staff-member-email\" href=\"mailto:&#107;&#105;ni&#110;&#103;&#097;_jo&#097;c&#104;i&#109;&#064;&#121;a&#104;&#111;&#111;&#046;&#102;r\" title=\"Email Joachim Kininga\">k&#105;&#110;&#105;ng&#097;&#095;&#106;&#111;ac&#104;i&#109;&#064;&#121;&#097;ho&#111;&#046;&#102;r<\/a><br \/>\r\n        Tel: +237 759 15 96\r\n        <\/p>\r\n        <div class=\"staff-member-bio\"><p>Boma, DRC<br \/>\nFran\u00e7ais<\/p>\n<\/div>\r\n    <\/div>\r\n<\/div> <!-- Close staff-member --><div class=\"staff-member col-xs-6 col-sm-4 col-md-3 odd \">\r\n    <img decoding=\"async\" class=\"staff-member-photo img-circle\" src=\"https:\/\/africa.albertbakerfund.org\/files\/2018\/02\/gravatar-300x300.png\" alt=\"Joseph Pembe : Repr\u00e9sentant dans le pays pour DRC\">\r\n    <div class=\"staff-member-info-wrap\">\r\n        <p style=\"margin-bottom: 0;\">\r\n        <strong>Joseph Pembe<\/strong><br \/>\r\n        <em>Repr\u00e9sentant dans le pays pour DRC<\/em>\r\n        <a class=\"staff-member-email\" href=\"mailto:&#112;&#101;&#109;be4&#097;&#098;&#102;&#064;g&#109;&#097;il&#046;&#099;&#111;&#109;\" title=\"Email Joseph Pembe\">&#112;embe4&#097;bf&#064;g&#109;a&#105;&#108;&#046;&#099;o&#109;<\/a><br \/>\r\n        Tel: +243 810 81 18 68\r\n        <\/p>\r\n        <div class=\"staff-member-bio\"><p>Kinshasa, DRC<br \/>\nAnglais, Fran\u00e7ais, Lingala<\/p>\n<\/div>\r\n    <\/div>\r\n<\/div> <!-- Close staff-member --><div class=\"staff-member col-xs-6 col-sm-4 col-md-3 even  last\">\r\n    <img decoding=\"async\" class=\"staff-member-photo img-circle\" src=\"https:\/\/africa.albertbakerfund.org\/files\/2018\/02\/gravatar-300x300.png\" alt=\"(English) Christian Lobinga : Repr\u00e9sentant dans le pays pour DRC\">\r\n    <div class=\"staff-member-info-wrap\">\r\n        <p style=\"margin-bottom: 0;\">\r\n        <strong>(English) Christian Lobinga<\/strong><br \/>\r\n        <em>Repr\u00e9sentant dans le pays pour DRC<\/em>\r\n        <a class=\"staff-member-email\" href=\"mailto:&#099;&#108;ob&#105;&#110;&#103;a&#064;gmail&#046;co&#109;\" title=\"Email (English) Christian Lobinga\">c&#108;&#111;&#098;i&#110;ga&#064;g&#109;&#097;&#105;l&#046;&#099;&#111;&#109;<\/a><br \/>\r\n        Tel: +243 810 047 698\r\n        <\/p>\r\n        <div class=\"staff-member-bio\"><p>(English) Kinshasa, DRC<\/p>\n<\/div>\r\n    <\/div>\r\n<\/div> <!-- Close staff-member --><\/div> <!-- Close staff-member-listing -->\n<div class=\"clear\">\n<p>&nbsp;<\/p>\n<\/div>\n<p><\/p>","protected":false},"excerpt":{"rendered":"<p>&nbsp; ATTENTION : MISE A JOUR DE LA LISTE DES \u00c9COLES APPROUV\u00c9ES Albert Baker Fund offre des bourses de formation aux Scientistes Chr\u00e9tiens vivant en Zambie (Afrique) qui souhaitent s&rsquo;inscrire dans une universit\u00e9 ou un institut sup\u00e9rieur ou encore une \u00e9cole de formation professionnelle. Veuillez consulter la liste des \u00e9coles approuv\u00e9es ci-dessous. Albert Baker Fund [&hellip;]<\/p>\n","protected":false},"author":1,"featured_media":0,"parent":1323,"menu_order":0,"comment_status":"closed","ping_status":"open","template":"page_1_sidebar.php","meta":{"_monsterinsights_skip_tracking":false,"_monsterinsights_sitenote_active":false,"_monsterinsights_sitenote_note":"","_monsterinsights_sitenote_category":0,"jetpack_post_was_ever_published":false,"footnotes":""},"class_list":["post-1340","page","type-page","status-publish","hentry"],"jetpack_shortlink":"https:\/\/wp.me\/P2aAby-lC","jetpack_sharing_enabled":true,"_links":{"self":[{"href":"https:\/\/africa.albertbakerfund.org\/fr\/wp-json\/wp\/v2\/pages\/1340","targetHints":{"allow":["GET"]}}],"collection":[{"href":"https:\/\/africa.albertbakerfund.org\/fr\/wp-json\/wp\/v2\/pages"}],"about":[{"href":"https:\/\/africa.albertbakerfund.org\/fr\/wp-json\/wp\/v2\/types\/page"}],"author":[{"embeddable":true,"href":"https:\/\/africa.albertbakerfund.org\/fr\/wp-json\/wp\/v2\/users\/1"}],"replies":[{"embeddable":true,"href":"https:\/\/africa.albertbakerfund.org\/fr\/wp-json\/wp\/v2\/comments?post=1340"}],"version-history":[{"count":95,"href":"https:\/\/africa.albertbakerfund.org\/fr\/wp-json\/wp\/v2\/pages\/1340\/revisions"}],"predecessor-version":[{"id":15372,"href":"https:\/\/africa.albertbakerfund.org\/fr\/wp-json\/wp\/v2\/pages\/1340\/revisions\/15372"}],"up":[{"embeddable":true,"href":"https:\/\/africa.albertbakerfund.org\/fr\/wp-json\/wp\/v2\/pages\/1323"}],"wp:attachment":[{"href":"https:\/\/africa.albertbakerfund.org\/fr\/wp-json\/wp\/v2\/media?parent=1340"}],"curies":[{"name":"wp","href":"https:\/\/api.w.org\/{rel}","templated":true}]}}