{"id":133,"date":"2011-02-22T17:33:31","date_gmt":"2011-02-23T01:33:31","guid":{"rendered":"http:\/\/abf.sharethepractice.org\/"},"modified":"2022-09-13T11:29:45","modified_gmt":"2022-09-13T18:29:45","slug":"required-documents","status":"publish","type":"page","link":"https:\/\/africa.albertbakerfund.org\/fr\/africa-college\/required-documents\/","title":{"rendered":"Documents exiges"},"content":{"rendered":"<p><\/p>\n<h3><\/h3>\n<div class=\"well\">\n<h4 style=\"color: #da342b\">AVIS: Comment nommer correctement et pr\u00e9parer vos documents pour la soumission<\/h4>\n<p>Veuillez nommer chaque fichier avec <strong>votre nom complet <\/strong>suivi du \u00ab\u00a0<strong>Nom du document<\/strong>.\u00a0\u00bb<br \/>\nPar exemple, si John Smith a t\u00e9l\u00e9charg\u00e9 un relev\u00e9 de notes ription, le fichier devrait \u00eatre nomm\u00e9: John Smith relev\u00e9 de notes. Les formats de fichiers acceptables sont les suivants: pdf<\/p>\n<\/div>\n<table class=\"table\">\n<tbody>\n<tr>\n<td>\n<h3>1. Facture de votre \u00e9tablissement d\u2019enseignement (tous les candidats)<\/h3>\n<p>Vous devez joindre une facture de votre universit\u00e9, \u00e9cole professionnelle ou auberge de jeunesse indiquant le montant que vous devez payer pour la prochaine session acad\u00e9mique. <strong>Exigences relatives aux factures<\/strong><\/p>\n<ol>\n<li>Lettre officielle \u00e0 en-t\u00eate<\/li>\n<li>Document dat\u00e9<\/li>\n<li>Votre nom doit y figurer<\/li>\n<li>D\u00e9tails et montants par cours- Elle doit comprendre les details des co\u00fbts par cours enseign\u00e9 en monnaie locale.<\/li>\n<li>Signature et cachet du dirigeant de l\u2019\u00e9cole ou du propri\u00e9taire de l\u2019auberge de jeunesse<\/li>\n<\/ol>\n<p><strong>Instructions<\/strong><\/p>\n<ol>\n<li>Sauvegardez le document sous forme de PDF ou dans le format Word.<\/li>\n<li>T\u00e9l\u00e9chargez le document dans la rubrique de la candidature intitul\u00e9e \u00ab Pi\u00e8ces-jointes \u00bb.<\/li>\n<li>Nom du document : <strong>Facture d\u2019\u00e9cole ou Facture d\u2019auberge de jeunesse<\/strong><\/li>\n<\/ol>\n<\/td>\n<\/tr>\n<tr>\n<td>\n<h3>2. Exigences relatives aux coordonn\u00e9es bancaires<\/h3>\n<p>Vous devez joindre les coordonn\u00e9es bancaires de votre universit\u00e9, \u00e9cole professionnelle ou auberge de jeunesse avec les renseignements de compte international auquel les fonds peuvent \u00eatre vir\u00e9s. <strong>Exigences bancaires pour votre \u00e9cole ou auberge de jeunesse.\u00a0<\/strong><\/p>\n<ol>\n<li>Lettre officielle \u00e0 en-t\u00eate<\/li>\n<li>Document dat\u00e9<\/li>\n<li>Nom de la banque<\/li>\n<li>Code SWIFT de la banque<\/li>\n<li>Nom du compte de l&rsquo;\u00c9cole de l&rsquo;Auberge de jeunesse<\/li>\n<li>Num\u00e9ro\u00a0de\u00a0<span style=\"font-weight: 400\">Compte Bancaire International IBAN de l&rsquo;\u00c9cole ou de l&rsquo;Auberge de jeunesse or Num\u00e9ro\u00a0de Compte<\/span><\/li>\n<li>Signature <span style=\"font-weight: 400\">et cachet du dirigeant de l&rsquo;\u00c9cole ou du propri\u00e9taire de l&rsquo;Auberge de jeunesse<\/span><\/li>\n<li><strong>Ville de la banque b\u00e9n\u00e9ficiaire (nouveau)<\/strong><\/li>\n<li><strong>Pays de la banque b\u00e9n\u00e9ficiaire (nouveau)<\/strong><\/li>\n<\/ol>\n<p><strong>Instructions<\/strong><\/p>\n<ol>\n<li>Enregistrer le document sous format Word ou PDF.<\/li>\n<li>T\u00e9l\u00e9chargez le document dans la rubrique de la candidature intitul\u00e9e \u00ab Pi\u00e8ces-jointes \u00bb.<\/li>\n<li>Nom du document : &lsquo;<strong>Coordonn\u00e9es bancaires \u00e9cole&rsquo; ou &lsquo;Coordonn\u00e9es bancaires auberge de jeunesse&rsquo;<\/strong><\/li>\n<li>Par example :<a href=\"https:\/\/africa.albertbakerfund.org\/files\/2011\/04\/Sample-Bank-Info-ENG.jpg\"><img loading=\"lazy\" decoding=\"async\" class=\"alignnone size-large wp-image-1674\" src=\"https:\/\/africa.albertbakerfund.org\/files\/2011\/04\/Sample-Bank-Info-ENG-424x600.jpg\" alt=\"\" width=\"424\" height=\"600\" srcset=\"https:\/\/africa.albertbakerfund.org\/files\/2011\/04\/Sample-Bank-Info-ENG-424x600.jpg 424w, https:\/\/africa.albertbakerfund.org\/files\/2011\/04\/Sample-Bank-Info-ENG-212x300.jpg 212w, https:\/\/africa.albertbakerfund.org\/files\/2011\/04\/Sample-Bank-Info-ENG.jpg 1240w\" sizes=\"auto, (max-width: 424px) 100vw, 424px\" \/><\/a><\/li>\n<\/ol>\n<\/td>\n<\/tr>\n<tr>\n<td>\n<h3>3. Lettre d\u2019admission (tous les candidats)<\/h3>\n<p><strong>Exigences<\/strong><\/p>\n<ol>\n<li>Lettre officielle \u00e0 en-t\u00eate<\/li>\n<li>Document dat\u00e9<\/li>\n<li>Votre nom doit y figurer<\/li>\n<li>Dur\u00e9e de l\u2019admission \u2013 dur\u00e9e de votre programme en ann\u00e9es<\/li>\n<li>Programme d\u2019\u00e9tude<\/li>\n<li>Signature et cachet officiel<\/li>\n<\/ol>\n<p><strong>Instructions<\/strong><\/p>\n<ol>\n<li>Sauvegardez le document sous forme de PDF ou dans le format Word.<\/li>\n<li>T\u00e9l\u00e9chargez le document dans la rubrique de la candidature intitul\u00e9e \u00ab Pi\u00e8ces-jointes \u00bb.<\/li>\n<li>Nom du document :\u00a0<strong>Admission<\/strong><\/li>\n<\/ol>\n<\/td>\n<\/tr>\n<tr>\n<td>\n<h3>4. Relev\u00e9 de notes de la session acad\u00e9mique pr\u00e9c\u00e9dente (candidats d\u00e9j\u00e0 laur\u00e9ats)<\/h3>\n<p>Si vous d\u00e9posez une candidature pour renouveler une bourse, vous devez soumettre le relev\u00e9 des notes obtenues lors de votre derni\u00e8re session de cours. Tous le contenu des dossiers de demande sont importants, mais une attention particuli\u00e8re est accord\u00e9e aux notes des candidats. Tous les candidats doivent satisfaire au moins aux exigences minimales des notes pour passer au niveau acad\u00e9mique sup\u00e9rieur. <strong>S\u2019il vous pla\u00eet Notez Bien: les \u00e9tudiants qui \u00e9chouent ne seront pas \u00e9ligibles \u00e0 un financement ABF.<\/strong>\u00a0Pour les nouveaux candidats\u00a0: ceux\u00a0 qui pr\u00e9sentent des relev\u00e9s des notes qui contiennent des notes insuffisantes ne seront pas consid\u00e9r\u00e9s, jusqu&rsquo;\u00e0 ce qu\u2019ils fournissent des nouveaux\u00a0relev\u00e9s\u00a0des\u00a0notes qui d\u00e9montrent qu\u2019ils ont r\u00e9ussi. Candidats d\u00e9j\u00e0 laur\u00e9ats\u00a0: des \u00e9checs obtenu pendant l\u2019ann\u00e9e dont ABF\u00a0\u00e0\u00a0financier les \u00e9tudes, d\u00e9clencheront l\u2019arr\u00eat de financement jusqu&rsquo;\u00e0 ce que l\u2019\u00e9tudiant revient au niveau acceptable. <strong>Instructions<\/strong><\/p>\n<ol>\n<li>Sauvegardez le document sous forme de PDF ou dans le format Word.<\/li>\n<li>T\u00e9l\u00e9chargez le document dans la rubrique de la candidature intitul\u00e9e \u00ab Pi\u00e8ces-jointes \u00bb.<\/li>\n<li>Nom du document : <strong>Relev\u00e9 de notes<\/strong><\/li>\n<\/ol>\n<\/td>\n<\/tr>\n<tr>\n<td>\n<h3>5. Recommandation<\/h3>\n<p><strong>Recommandation d\u2019un Scientist Chr\u00e9tien (ne) (Tous les candidats)<\/strong><\/p>\n<ol>\n<li>Un adulte dans votre \u00e9glise filiale\u00a0(pas un parent et pas un proche non plus) qui peut v\u00e9rifier que vous \u00eates un \u00e9tudiant actif, sinc\u00e8re et d\u00e9vou\u00e9 de l&rsquo;\u00e9glise de la Science Chr\u00e9tienne.<\/li>\n<li>Tout r\u00e9f\u00e9rence \u00e9crite ou soumise par une autre personne que votre r\u00e9pondant entra\u00eenera le rejet de votre demande d&rsquo;aide financi\u00e8re.<\/li>\n<\/ol>\n<p><strong>Instructions pour les nouveau postulants<\/strong><\/p>\n<ol>\n<li>Fournissez les coordonn\u00e9es de votre r\u00e9pondant (personne de r\u00e9f\u00e9rence) dans la section \u00abReference Contact Information\u00bb de votre formulaire de demande en ligne.<\/li>\n<li>Nous enverrons un questionnaire de r\u00e9f\u00e9rence directement \u00e0 votre r\u00e9pondant (e), il faut qu&rsquo;ils\/ elles v\u00e9rifient r\u00e9guli\u00e8rement leur courrier \u00e9lectronique.<\/li>\n<\/ol>\n<p><strong>Instructions pour les candidats ayant d\u00e9j\u00e0 b\u00e9n\u00e9fici\u00e9 de l\u2019aide de l\u2019ABF<\/strong><\/p>\n<ol>\n<li><strong> Tous les ancien postulants doivent fournir un nouveau r\u00e9pondant pour chaque nouvelle application (diff\u00e9rent de toute tout r\u00e9pondant (e) pr\u00e9c\u00e9dent).<\/strong><\/li>\n<li>Fournissez les coordonn\u00e9es de votre personne de r\u00e9f\u00e9rence dans la section \u00abReference Contact Information\u00bb de votre formulaire de demande en ligne.<\/li>\n<li>Une fois votre demande est compl\u00e9t\u00e9e, l\u2019ABF enverra directement un questionnaire de r\u00e9f\u00e9rence \u00e0 votre r\u00e9pondant. Ils\/Elles doivent v\u00e9rifier r\u00e9guli\u00e8rement leur courrier \u00e9lectronique.<\/li>\n<li>L&rsquo;agent de traitement des demandes pour l&rsquo;Afrique de l&rsquo;ABF enverra un courriel \u00e0 vous et \u00e0 votre r\u00e9pondant (e) pour vous informer que votre r\u00e9pondant a une semaine pour remplir et renvoyer le questionnaire \u00e0 l\u2019ABF.<\/li>\n<li>Si l\u2019ABF ne re\u00e7oit pas le questionnaire de r\u00e9f\u00e9rence en une semaine, votre demande sera refus\u00e9e. C&rsquo;est votre responsabilit\u00e9.<\/li>\n<\/ol>\n<\/td>\n<\/tr>\n<\/tbody>\n<\/table>\n<p><\/p>","protected":false},"excerpt":{"rendered":"<p>AVIS: Comment nommer correctement et pr\u00e9parer vos documents pour la soumission Veuillez nommer chaque fichier avec votre nom complet suivi du \u00ab\u00a0Nom du document.\u00a0\u00bb Par exemple, si John Smith a t\u00e9l\u00e9charg\u00e9 un relev\u00e9 de notes ription, le fichier devrait \u00eatre nomm\u00e9: John Smith relev\u00e9 de notes. Les formats de fichiers acceptables sont les suivants: pdf [&hellip;]<\/p>\n","protected":false},"author":1,"featured_media":0,"parent":39,"menu_order":0,"comment_status":"closed","ping_status":"open","template":"page_1_sidebar.php","meta":{"_monsterinsights_skip_tracking":false,"_monsterinsights_sitenote_active":false,"_monsterinsights_sitenote_note":"","_monsterinsights_sitenote_category":0,"jetpack_post_was_ever_published":false,"footnotes":""},"class_list":["post-133","page","type-page","status-publish","hentry"],"jetpack_shortlink":"https:\/\/wp.me\/P2aAby-29","jetpack_sharing_enabled":true,"_links":{"self":[{"href":"https:\/\/africa.albertbakerfund.org\/fr\/wp-json\/wp\/v2\/pages\/133","targetHints":{"allow":["GET"]}}],"collection":[{"href":"https:\/\/africa.albertbakerfund.org\/fr\/wp-json\/wp\/v2\/pages"}],"about":[{"href":"https:\/\/africa.albertbakerfund.org\/fr\/wp-json\/wp\/v2\/types\/page"}],"author":[{"embeddable":true,"href":"https:\/\/africa.albertbakerfund.org\/fr\/wp-json\/wp\/v2\/users\/1"}],"replies":[{"embeddable":true,"href":"https:\/\/africa.albertbakerfund.org\/fr\/wp-json\/wp\/v2\/comments?post=133"}],"version-history":[{"count":197,"href":"https:\/\/africa.albertbakerfund.org\/fr\/wp-json\/wp\/v2\/pages\/133\/revisions"}],"predecessor-version":[{"id":12213,"href":"https:\/\/africa.albertbakerfund.org\/fr\/wp-json\/wp\/v2\/pages\/133\/revisions\/12213"}],"up":[{"embeddable":true,"href":"https:\/\/africa.albertbakerfund.org\/fr\/wp-json\/wp\/v2\/pages\/39"}],"wp:attachment":[{"href":"https:\/\/africa.albertbakerfund.org\/fr\/wp-json\/wp\/v2\/media?parent=133"}],"curies":[{"name":"wp","href":"https:\/\/api.w.org\/{rel}","templated":true}]}}