{"id":1323,"date":"2011-03-31T15:26:11","date_gmt":"2011-03-31T22:26:11","guid":{"rendered":"http:\/\/africa.albertbakerfund.org\/?page_id=1323"},"modified":"2025-12-23T22:41:16","modified_gmt":"2025-12-23T19:41:16","slug":"countries","status":"publish","type":"page","link":"https:\/\/africa.albertbakerfund.org\/fr\/africa-college\/countries\/","title":{"rendered":"Information sur les pays"},"content":{"rendered":"<p>Le Fonds Albert Baker offre actuellement des bourses aux \u00e9tudiants des pays \u00e9num\u00e9r\u00e9s ci-dessous. Vous pouvez trouver des informations importantes sur nos programmes dans ces pays en cliquant sur les liens ci-dessous. Si vous vivez ou \u00e9tudiez dans un pays qui n&rsquo;est pas r\u00e9pertori\u00e9, <a href=\"https:\/\/africa.albertbakerfund.org\/fr\/africa-college\/countries\/other-countries\/\">cliquez ici pour en savoir plus<\/a>.<\/p>\n<p><ul class=\"subpage_list\"><li class=\"page_item page-item-3383\"><a href=\"https:\/\/africa.albertbakerfund.org\/fr\/africa-college\/countries\/benin\/\">R\u00e9publique du B\u00e9nin<\/a><\/li>\n<li class=\"page_item page-item-3373\"><a href=\"https:\/\/africa.albertbakerfund.org\/fr\/africa-college\/countries\/burundi\/\">R\u00e9publique du Burundi \u2013 n\u2019accepte plus les candidatures<\/a><\/li>\n<li class=\"page_item page-item-1337\"><a href=\"https:\/\/africa.albertbakerfund.org\/fr\/africa-college\/countries\/cameroon\/\">Le Cameroun<\/a><\/li>\n<li class=\"page_item page-item-1340\"><a href=\"https:\/\/africa.albertbakerfund.org\/fr\/africa-college\/countries\/drc\/\">La R\u00e9publique D\u00e9mocratique du Congo (RDC)<\/a><\/li>\n<li class=\"page_item page-item-1344\"><a href=\"https:\/\/africa.albertbakerfund.org\/fr\/africa-college\/countries\/ghana\/\">Le Ghana<\/a><\/li>\n<li class=\"page_item page-item-1346\"><a href=\"https:\/\/africa.albertbakerfund.org\/fr\/africa-college\/countries\/kenya\/\">Le Kenya<\/a><\/li>\n<li class=\"page_item page-item-1348\"><a href=\"https:\/\/africa.albertbakerfund.org\/fr\/africa-college\/countries\/nigeria\/\">Le Nigeria<\/a><\/li>\n<li class=\"page_item page-item-1342\"><a href=\"https:\/\/africa.albertbakerfund.org\/fr\/africa-college\/countries\/congo\/\">La R\u00e9publique du Congo<\/a><\/li>\n<li class=\"page_item page-item-1350\"><a href=\"https:\/\/africa.albertbakerfund.org\/fr\/africa-college\/countries\/rwanda\/\">Le Rwanda<\/a><\/li>\n<li class=\"page_item page-item-1352\"><a href=\"https:\/\/africa.albertbakerfund.org\/fr\/africa-college\/countries\/tanzania\/\">La Tanzanie \u2013 n\u2019accepte plus les candidatures<\/a><\/li>\n<li class=\"page_item page-item-3375\"><a href=\"https:\/\/africa.albertbakerfund.org\/fr\/africa-college\/countries\/togo\/\">R\u00e9publique togolaise<\/a><\/li>\n<li class=\"page_item page-item-1356\"><a href=\"https:\/\/africa.albertbakerfund.org\/fr\/africa-college\/countries\/zambia\/\">La Zambie<\/a><\/li>\n<\/ul><\/p>","protected":false},"excerpt":{"rendered":"<p>Le Fonds Albert Baker offre actuellement des bourses aux \u00e9tudiants des pays \u00e9num\u00e9r\u00e9s ci-dessous. Vous pouvez trouver des informations importantes sur nos programmes dans ces pays en cliquant sur les liens ci-dessous. Si vous vivez ou \u00e9tudiez dans un pays qui n&rsquo;est pas r\u00e9pertori\u00e9, cliquez ici pour en savoir plus.<\/p>\n","protected":false},"author":1,"featured_media":0,"parent":39,"menu_order":0,"comment_status":"closed","ping_status":"open","template":"page_1_sidebar.php","meta":{"_monsterinsights_skip_tracking":false,"_monsterinsights_sitenote_active":false,"_monsterinsights_sitenote_note":"","_monsterinsights_sitenote_category":0,"jetpack_post_was_ever_published":false,"footnotes":""},"class_list":["post-1323","page","type-page","status-publish","hentry"],"jetpack_shortlink":"https:\/\/wp.me\/P2aAby-ll","jetpack_sharing_enabled":true,"_links":{"self":[{"href":"https:\/\/africa.albertbakerfund.org\/fr\/wp-json\/wp\/v2\/pages\/1323","targetHints":{"allow":["GET"]}}],"collection":[{"href":"https:\/\/africa.albertbakerfund.org\/fr\/wp-json\/wp\/v2\/pages"}],"about":[{"href":"https:\/\/africa.albertbakerfund.org\/fr\/wp-json\/wp\/v2\/types\/page"}],"author":[{"embeddable":true,"href":"https:\/\/africa.albertbakerfund.org\/fr\/wp-json\/wp\/v2\/users\/1"}],"replies":[{"embeddable":true,"href":"https:\/\/africa.albertbakerfund.org\/fr\/wp-json\/wp\/v2\/comments?post=1323"}],"version-history":[{"count":28,"href":"https:\/\/africa.albertbakerfund.org\/fr\/wp-json\/wp\/v2\/pages\/1323\/revisions"}],"predecessor-version":[{"id":15929,"href":"https:\/\/africa.albertbakerfund.org\/fr\/wp-json\/wp\/v2\/pages\/1323\/revisions\/15929"}],"up":[{"embeddable":true,"href":"https:\/\/africa.albertbakerfund.org\/fr\/wp-json\/wp\/v2\/pages\/39"}],"wp:attachment":[{"href":"https:\/\/africa.albertbakerfund.org\/fr\/wp-json\/wp\/v2\/media?parent=1323"}],"curies":[{"name":"wp","href":"https:\/\/api.w.org\/{rel}","templated":true}]}}