{"id":1176,"date":"2011-03-24T11:34:16","date_gmt":"2011-03-24T18:34:16","guid":{"rendered":"http:\/\/africa.albertbakerfund.org\/?page_id=1176"},"modified":"2026-02-17T21:39:13","modified_gmt":"2026-02-17T18:39:13","slug":"application-deadlines","status":"publish","type":"page","link":"https:\/\/africa.albertbakerfund.org\/fr\/africa-college\/application-deadlines\/","title":{"rendered":"Dates limites de candidature"},"content":{"rendered":"<p><\/p>\n<h4>Toutes les dates limites de d\u00e9p\u00f4t de candidature sont d\u00e9finitives, aucune exception ne sera accord\u00e9e aux dossiers de candidature en retard ou incomplets.<\/h4>\n<h3>Session d\u2019admission de Janvier<\/h3>\n<p><strong>Date d\u2019ouverture :<\/strong> 12 Janvier<br \/>\n<strong>Date de cl\u00f4ture :<\/strong> 15 F\u00e9vrier<\/p>\n<h3>Session d\u2019admission de Mars<\/h3>\n<p><strong>Date d\u2019ouverture :<\/strong> 1 Mars<br \/>\n<strong>Date de cl\u00f4ture :<\/strong>\u00a0 15 Avril<\/p>\n<h3>Session d\u2019admission de Juin<\/h3>\n<p><strong>Date d\u2019ouverture :\u00a0<\/strong>1 Juin<br \/>\n<strong>Date de cl\u00f4ture :<\/strong> 16 Juillet<\/p>\n<h3>Session d\u2019admission de Septembre<\/h3>\n<p><strong>Date d\u2019ouverture :<\/strong> 2 Septembre<br \/>\n<strong>Date de cl\u00f4ture :<\/strong> 31 Octobre<\/p>\n<h3><a href=\"https:\/\/africa.albertbakerfund.org\/fr\/africa-college\/\">&lt;&lt; Retourner \u00e0 : Vue d\u2019ensemble du programme <\/a> ||<br \/>\n<a href=\"https:\/\/africa.albertbakerfund.org\/fr\/africa-college\/required-documents\/\">\u00c9tape suivante : Directives de soumission &gt;&gt;<\/a><\/h3>\n<p><\/p>","protected":false},"excerpt":{"rendered":"<p>Toutes les dates limites de d\u00e9p\u00f4t de candidature sont d\u00e9finitives, aucune exception ne sera accord\u00e9e aux dossiers de candidature en retard ou incomplets. Session d\u2019admission de Janvier Date d\u2019ouverture : 12 Janvier Date de cl\u00f4ture : 15 F\u00e9vrier Session d\u2019admission de Mars Date d\u2019ouverture : 1 Mars Date de cl\u00f4ture :\u00a0 15 Avril Session d\u2019admission [&hellip;]<\/p>\n","protected":false},"author":1,"featured_media":0,"parent":39,"menu_order":0,"comment_status":"closed","ping_status":"open","template":"page_1_sidebar.php","meta":{"_monsterinsights_skip_tracking":false,"_monsterinsights_sitenote_active":false,"_monsterinsights_sitenote_note":"","_monsterinsights_sitenote_category":0,"jetpack_post_was_ever_published":false,"footnotes":""},"class_list":["post-1176","page","type-page","status-publish","hentry"],"jetpack_shortlink":"https:\/\/wp.me\/P2aAby-iY","jetpack_sharing_enabled":true,"_links":{"self":[{"href":"https:\/\/africa.albertbakerfund.org\/fr\/wp-json\/wp\/v2\/pages\/1176","targetHints":{"allow":["GET"]}}],"collection":[{"href":"https:\/\/africa.albertbakerfund.org\/fr\/wp-json\/wp\/v2\/pages"}],"about":[{"href":"https:\/\/africa.albertbakerfund.org\/fr\/wp-json\/wp\/v2\/types\/page"}],"author":[{"embeddable":true,"href":"https:\/\/africa.albertbakerfund.org\/fr\/wp-json\/wp\/v2\/users\/1"}],"replies":[{"embeddable":true,"href":"https:\/\/africa.albertbakerfund.org\/fr\/wp-json\/wp\/v2\/comments?post=1176"}],"version-history":[{"count":126,"href":"https:\/\/africa.albertbakerfund.org\/fr\/wp-json\/wp\/v2\/pages\/1176\/revisions"}],"predecessor-version":[{"id":15957,"href":"https:\/\/africa.albertbakerfund.org\/fr\/wp-json\/wp\/v2\/pages\/1176\/revisions\/15957"}],"up":[{"embeddable":true,"href":"https:\/\/africa.albertbakerfund.org\/fr\/wp-json\/wp\/v2\/pages\/39"}],"wp:attachment":[{"href":"https:\/\/africa.albertbakerfund.org\/fr\/wp-json\/wp\/v2\/media?parent=1176"}],"curies":[{"name":"wp","href":"https:\/\/api.w.org\/{rel}","templated":true}]}}