{"id":1126,"date":"2011-02-22T21:58:25","date_gmt":"2011-02-22T21:58:25","guid":{"rendered":"http:\/\/abf.sharethepractice.org\/?page_id=2"},"modified":"2023-09-25T00:03:55","modified_gmt":"2023-09-25T07:03:55","slug":"about-us","status":"publish","type":"page","link":"https:\/\/africa.albertbakerfund.org\/fr\/about-us\/","title":{"rendered":"A propos du <em>The Albert Baker Fund<\/em>"},"content":{"rendered":"<p><strong>La mission du Fonds Albert Baker (ABF) est de servir la Cause de la Science Chr\u00e9tienne et de l\u2019humanit\u00e9 en apportant des ressources pour l\u2019\u00e9ducation et le d\u00e9veloppement des membres de l\u2019Eglise de la Science Chr\u00e9tienne.<\/strong><\/p>\n<p><strong>Notre foi<\/strong><\/p>\n<p>La Science Chr\u00e9tienne est une religion d\u00e9couverte par Mary Baker Eddy en 1866 et en 1879 elle fut organis\u00e9e en \u00e9glise, \u201cdestin\u00e9e \u00e0 comm\u00e9morer la parole et les oeuvres de notre Ma\u00eetre (J\u00e9sus Christ), et \u00e0 r\u00e9tablir le christianisme primitif et son \u00e9l\u00e9ment perdu: la gu\u00e9rison.\u201d Depuis lors, la Science Chr\u00e9tienne s\u2019est r\u00e9pandue dans le monde entier et a gu\u00e9ri des millions de personnes. Dans son Manuel, Mary Baker Eddy ordonna <em>la Bible<\/em> et <em>Science et Sant\u00e9 avec la Clef des Ecritures<\/em>, Pasteur de L\u2019Eglise M\u00e8re, en ajoutant \u201cqu\u2019ils continueront \u00e0 pr\u00eacher pour cette Eglise et pour le monde.\u201d <a href=\"http:\/\/christianscience.com\/global\/francais\/\">En savoir plus sur la Science Chr\u00e9tienne<\/a>.<\/p>\n<p><strong>Notre historique<\/strong><\/p>\n<p>Le Fonds Albert Baker a \u00e9t\u00e9 cr\u00e9\u00e9 en 1964 par des membres de l\u2019Eglise de la Science Chr\u00e9tienne vivant aux Etats-Unis. Ils ont cr\u00e9\u00e9 un fonds fournissant des pr\u00eats \u00e0 des taux faibles aux \u00e9tudiants am\u00e9ricains en universit\u00e9. Chaque \u00e9tudiant devait rembourser le pr\u00eat dans 10 ans, ce qui reconstituait\u00a0le fonds pour les g\u00e9n\u00e9rations futures. Ils ont nomm\u00e9 le fonds en honneur d&rsquo;Albert Baker, le fr\u00e8re a\u00een\u00e9 de Mary Baker Eddy, qui s\u2019est responsabilis\u00e9 de son \u00e9ducation.<\/p>\n<p>En 1998, l\u2019ABF a commenc\u00e9 un programme de pr\u00eats pour la formation de nurses de la Science Chr\u00e9tienne. En 2005, l\u2019ABF a \u00e9tendu ses programmes de pr\u00eats aux \u00e9tudiants universitaires (aux Etats-Unis et au Canada) en y ajoutant un programme de bourses. En 2004, il a \u00e9tendu ses programmes de bourses \u00e0 l\u2019Afrique et l\u2019Europe. Au cours des ann\u00e9es \u00e0 venir, l\u2019ABF esp\u00e8re \u00e9tendre ses programmes \u00e0 tous les coins du monde.<\/p>\n<p><strong>Nos programmes<\/strong><\/p>\n<p>En Afrique, nous fournissons des bourses universitaires et professionnelles aux \u00e9tudiants r\u00e9sidant dans les pays suivants:<\/p>\n<ul class=\"subpage_list\"><li class=\"page_item page-item-3383\"><a href=\"https:\/\/africa.albertbakerfund.org\/fr\/africa-college\/countries\/benin\/\">R\u00e9publique du B\u00e9nin<\/a><\/li>\n<li class=\"page_item page-item-3373\"><a href=\"https:\/\/africa.albertbakerfund.org\/fr\/africa-college\/countries\/burundi\/\">R\u00e9publique du Burundi \u2013 n\u2019accepte plus les candidatures<\/a><\/li>\n<li class=\"page_item page-item-1337\"><a href=\"https:\/\/africa.albertbakerfund.org\/fr\/africa-college\/countries\/cameroon\/\">Le Cameroun<\/a><\/li>\n<li class=\"page_item page-item-1340\"><a href=\"https:\/\/africa.albertbakerfund.org\/fr\/africa-college\/countries\/drc\/\">La R\u00e9publique D\u00e9mocratique du Congo (RDC)<\/a><\/li>\n<li class=\"page_item page-item-1344\"><a href=\"https:\/\/africa.albertbakerfund.org\/fr\/africa-college\/countries\/ghana\/\">Le Ghana<\/a><\/li>\n<li class=\"page_item page-item-1346\"><a href=\"https:\/\/africa.albertbakerfund.org\/fr\/africa-college\/countries\/kenya\/\">Le Kenya<\/a><\/li>\n<li class=\"page_item page-item-1348\"><a href=\"https:\/\/africa.albertbakerfund.org\/fr\/africa-college\/countries\/nigeria\/\">Le Nigeria<\/a><\/li>\n<li class=\"page_item page-item-1342\"><a href=\"https:\/\/africa.albertbakerfund.org\/fr\/africa-college\/countries\/congo\/\">La R\u00e9publique du Congo<\/a><\/li>\n<li class=\"page_item page-item-1350\"><a href=\"https:\/\/africa.albertbakerfund.org\/fr\/africa-college\/countries\/rwanda\/\">Le Rwanda<\/a><\/li>\n<li class=\"page_item page-item-1352\"><a href=\"https:\/\/africa.albertbakerfund.org\/fr\/africa-college\/countries\/tanzania\/\">La Tanzanie \u2013 n\u2019accepte plus les candidatures<\/a><\/li>\n<li class=\"page_item page-item-3375\"><a href=\"https:\/\/africa.albertbakerfund.org\/fr\/africa-college\/countries\/togo\/\">R\u00e9publique togolaise<\/a><\/li>\n<li class=\"page_item page-item-1356\"><a href=\"https:\/\/africa.albertbakerfund.org\/fr\/africa-college\/countries\/zambia\/\">La Zambie<\/a><\/li>\n<\/ul>\n<p>En r\u00e8gle g\u00e9n\u00e9rale, nous finan\u00e7ons les \u00e9tudiants qui veulent \u00e9tudier dans leur propre pays.<\/p>\n<p><strong>Notre impact<\/strong><\/p>\n<p>Au cours des 48 derni\u00e8res ann\u00e9es, l\u2019ABF a fourni plus de 10 millions de dollars de pr\u00eats et 3 millions de dollars de bourses \u00e0 des milliers d\u2019\u00e9tudiants. En Afrique, nous avons accord\u00e9 des bourses \u00e0 plus de 300 \u00e9tudiants. Nous consid\u00e9rons que notre organisation fait des investissements et nous encourageons chacun de nos laur\u00e9ats \u00e0 en faire profiter d\u2019autres en contribuant au mouvement de la Science Chr\u00e9tienne et au monde. Cliquez <a href=\"https:\/\/africa.albertbakerfund.org\/fr\/gratitude\/\">ici<\/a> pour des t\u00e9moignages de gratitude.<\/p>","protected":false},"excerpt":{"rendered":"<p>La mission du Fonds Albert Baker (ABF) est de servir la Cause de la Science Chr\u00e9tienne et de l\u2019humanit\u00e9 en apportant des ressources pour l\u2019\u00e9ducation et le d\u00e9veloppement des membres de l\u2019Eglise de la Science Chr\u00e9tienne. Notre foi La Science Chr\u00e9tienne est une religion d\u00e9couverte par Mary Baker Eddy en 1866 et en 1879 elle [&hellip;]<\/p>\n","protected":false},"author":1,"featured_media":0,"parent":0,"menu_order":0,"comment_status":"closed","ping_status":"open","template":"","meta":{"_monsterinsights_skip_tracking":false,"_monsterinsights_sitenote_active":false,"_monsterinsights_sitenote_note":"","_monsterinsights_sitenote_category":0,"jetpack_post_was_ever_published":false,"footnotes":""},"class_list":["post-1126","page","type-page","status-publish","hentry"],"jetpack_shortlink":"https:\/\/wp.me\/P2aAby-ia","jetpack_sharing_enabled":true,"_links":{"self":[{"href":"https:\/\/africa.albertbakerfund.org\/fr\/wp-json\/wp\/v2\/pages\/1126","targetHints":{"allow":["GET"]}}],"collection":[{"href":"https:\/\/africa.albertbakerfund.org\/fr\/wp-json\/wp\/v2\/pages"}],"about":[{"href":"https:\/\/africa.albertbakerfund.org\/fr\/wp-json\/wp\/v2\/types\/page"}],"author":[{"embeddable":true,"href":"https:\/\/africa.albertbakerfund.org\/fr\/wp-json\/wp\/v2\/users\/1"}],"replies":[{"embeddable":true,"href":"https:\/\/africa.albertbakerfund.org\/fr\/wp-json\/wp\/v2\/comments?post=1126"}],"version-history":[{"count":98,"href":"https:\/\/africa.albertbakerfund.org\/fr\/wp-json\/wp\/v2\/pages\/1126\/revisions"}],"predecessor-version":[{"id":12384,"href":"https:\/\/africa.albertbakerfund.org\/fr\/wp-json\/wp\/v2\/pages\/1126\/revisions\/12384"}],"wp:attachment":[{"href":"https:\/\/africa.albertbakerfund.org\/fr\/wp-json\/wp\/v2\/media?parent=1126"}],"curies":[{"name":"wp","href":"https:\/\/api.w.org\/{rel}","templated":true}]}}