{"id":1122,"date":"2011-02-22T14:44:34","date_gmt":"2011-02-22T22:44:34","guid":{"rendered":"http:\/\/abf.sharethepractice.org\/"},"modified":"2026-03-26T22:48:14","modified_gmt":"2026-03-26T19:48:14","slug":"home","status":"publish","type":"page","link":"https:\/\/africa.albertbakerfund.org\/fr\/","title":{"rendered":"Le Fonds Albert Baker en Afrique"},"content":{"rendered":"<p>Le Albert Baker Fund (ABF) est une organisation \u00e0 but non lucratif bas\u00e9e aux Etats-Unis qui fournit des bourses d\u2019\u00e9tudes sup\u00e9rieures uniquement \u00e0 l\u2019intention de membres actifs de l\u2019Eglise de la Science Chr\u00e9tienne qui sont des citoyens de, ou domicili\u00e9s en permanence dans l&rsquo;un des pays dans lesquels nous disposons d&rsquo;un programme. Veuillez cliquer sur les onglets de navigation en dessous de notre logo pour lire plus de d\u00e9tails sur notre organisation, d\u00e9terminer si vous pouvez postuler \u00e0 une bourse ou remplir une demande en ligne.<\/p>\n<div class=\"row\">\n<div class=\"col-md-8\">\n<p><strong>Nouvelles importantes pour les candidats!<\/strong><\/p>\n<ul>\n<li>ABF g\u00e8re actuellement des programmes de bourses dans les pays africains suivants. Il y a une liste du jusqu&rsquo;\u00e0 15 \u00e9coles agr\u00e9\u00e9es par pays. Vous pouvez consulter la liste des \u00e9coles approuv\u00e9es en cliquant sur votre pays. Veuillez vous assurer que votre \u00e9cole figure sur la liste des \u00e9coles approuv\u00e9es avant de postuler. Veuillez \u00e9galement consulter le calendrier d&rsquo;admission d&rsquo;ABF, qui est fourni sur notre <strong><a href=\"https:\/\/africa.albertbakerfund.org\/fr\/africa-college\/application-deadlines\/\">page web sur la date limite de candidature<\/a><\/strong>.<\/li>\n<\/ul>\n<p><strong>ABF g\u00e8re actuellement des programmes dans les pays africains suivants:<\/strong><br \/>\n<ul class=\"subpage_list\"><li class=\"page_item page-item-3383\"><a href=\"https:\/\/africa.albertbakerfund.org\/fr\/africa-college\/countries\/benin\/\">R\u00e9publique du B\u00e9nin<\/a><\/li>\n<li class=\"page_item page-item-3373\"><a href=\"https:\/\/africa.albertbakerfund.org\/fr\/africa-college\/countries\/burundi\/\">R\u00e9publique du Burundi \u2013 n\u2019accepte plus les candidatures<\/a><\/li>\n<li class=\"page_item page-item-1337\"><a href=\"https:\/\/africa.albertbakerfund.org\/fr\/africa-college\/countries\/cameroon\/\">Le Cameroun<\/a><\/li>\n<li class=\"page_item page-item-1340\"><a href=\"https:\/\/africa.albertbakerfund.org\/fr\/africa-college\/countries\/drc\/\">La R\u00e9publique D\u00e9mocratique du Congo (RDC)<\/a><\/li>\n<li class=\"page_item page-item-1344\"><a href=\"https:\/\/africa.albertbakerfund.org\/fr\/africa-college\/countries\/ghana\/\">Le Ghana<\/a><\/li>\n<li class=\"page_item page-item-1346\"><a href=\"https:\/\/africa.albertbakerfund.org\/fr\/africa-college\/countries\/kenya\/\">Le Kenya<\/a><\/li>\n<li class=\"page_item page-item-1348\"><a href=\"https:\/\/africa.albertbakerfund.org\/fr\/africa-college\/countries\/nigeria\/\">Le Nigeria<\/a><\/li>\n<li class=\"page_item page-item-1342\"><a href=\"https:\/\/africa.albertbakerfund.org\/fr\/africa-college\/countries\/congo\/\">La R\u00e9publique du Congo<\/a><\/li>\n<li class=\"page_item page-item-1350\"><a href=\"https:\/\/africa.albertbakerfund.org\/fr\/africa-college\/countries\/rwanda\/\">Le Rwanda<\/a><\/li>\n<li class=\"page_item page-item-1352\"><a href=\"https:\/\/africa.albertbakerfund.org\/fr\/africa-college\/countries\/tanzania\/\">La Tanzanie \u2013 n\u2019accepte plus les candidatures<\/a><\/li>\n<li class=\"page_item page-item-3375\"><a href=\"https:\/\/africa.albertbakerfund.org\/fr\/africa-college\/countries\/togo\/\">R\u00e9publique togolaise<\/a><\/li>\n<li class=\"page_item page-item-1356\"><a href=\"https:\/\/africa.albertbakerfund.org\/fr\/africa-college\/countries\/zambia\/\">La Zambie<\/a><\/li>\n<\/ul><\/p>\n<\/div>\n<div class=\"col-md-4 well\">\n<h4>Derni\u00e8res nouvelles du site am\u00e9ricain AlbertBakerFund.org<\/h4>\n<div class=\"wpra-display align\" data-display-id=\"1\" hx-target=\"this\" hx-swap=\"outerHTML\">    <div class=\"wp-rss-aggregator wpra-list-template \">\n        <ul class=\"rss-aggregator wpra-item-list wpra-item-list--bullets wpra-item-list--default\" start=\"1\">\n                <li class=\"wpra-item feed-item \">\n        <a href=\"https:\/\/www.albertbakerfund.org\/2025\/06\/24\/abf-employee-highlight-lamech-katamba-africa-programs-manager\/\" class=\"\" target=\"_blank\" rel=\"noopener noreferrer nofollow\" style=\"\">ABF Employee Highlight \u2013 Lamech Katamba, Africa\u00a0Programs Manager<\/a>\n\n        <div class=\"wprss-feed-meta\">\n                <span class=\"feed-source\">\n        Source: <a href=\"https:\/\/www.albertbakerfund.org\/feed\/\" class=\"\" target=\"_blank\" rel=\"noopener noreferrer nofollow\" style=\"\">The Albert Baker Fund<\/a>\n    <\/span>\n                <span class=\"feed-date\">\n        Published on: 2025-06-24\n    <\/span>\n            \n        <\/div>\n\n        \n    <\/li>    <li class=\"wpra-item feed-item \">\n        <a href=\"https:\/\/www.albertbakerfund.org\/2025\/06\/02\/abf-student-highlight-jacob-stenstrom\/\" class=\"\" target=\"_blank\" rel=\"noopener noreferrer nofollow\" style=\"\">ABF Student Highlight \u2013 Jacob Stenstrom<\/a>\n\n        <div class=\"wprss-feed-meta\">\n                <span class=\"feed-source\">\n        Source: <a href=\"https:\/\/www.albertbakerfund.org\/feed\/\" class=\"\" target=\"_blank\" rel=\"noopener noreferrer nofollow\" style=\"\">The Albert Baker Fund<\/a>\n    <\/span>\n                <span class=\"feed-date\">\n        Published on: 2025-06-03\n    <\/span>\n            \n        <\/div>\n\n        \n    <\/li>    <li class=\"wpra-item feed-item \">\n        <a href=\"https:\/\/www.albertbakerfund.org\/2025\/06\/02\/download-and-print-2025-abf-scholarships-poster\/\" class=\"\" target=\"_blank\" rel=\"noopener noreferrer nofollow\" style=\"\">Download and print 2025 ABF Scholarships Poster<\/a>\n\n        <div class=\"wprss-feed-meta\">\n                <span class=\"feed-source\">\n        Source: <a href=\"https:\/\/www.albertbakerfund.org\/feed\/\" class=\"\" target=\"_blank\" rel=\"noopener noreferrer nofollow\" style=\"\">The Albert Baker Fund<\/a>\n    <\/span>\n                <span class=\"feed-date\">\n        Published on: 2025-06-03\n    <\/span>\n            \n        <\/div>\n\n        \n    <\/li>    <li class=\"wpra-item feed-item \">\n        <a href=\"https:\/\/www.albertbakerfund.org\/2025\/04\/02\/greetings-to-camp-counselors-from-albert-baker-fund-information-about-scholarships\/\" class=\"\" target=\"_blank\" rel=\"noopener noreferrer nofollow\" style=\"\">Greetings to camp counselors from Albert Baker Fund \u2013 Information about scholarships<\/a>\n\n        <div class=\"wprss-feed-meta\">\n                <span class=\"feed-source\">\n        Source: <a href=\"https:\/\/www.albertbakerfund.org\/feed\/\" class=\"\" target=\"_blank\" rel=\"noopener noreferrer nofollow\" style=\"\">The Albert Baker Fund<\/a>\n    <\/span>\n                <span class=\"feed-date\">\n        Published on: 2025-04-02\n    <\/span>\n            \n        <\/div>\n\n        \n    <\/li>    <li class=\"wpra-item feed-item \">\n        <a href=\"https:\/\/www.albertbakerfund.org\/2025\/03\/31\/the-albert-baker-fund-spring-2025-newsletter\/\" class=\"\" target=\"_blank\" rel=\"noopener noreferrer nofollow\" style=\"\">The Albert Baker Fund Spring 2025 Newsletter<\/a>\n\n        <div class=\"wprss-feed-meta\">\n                <span class=\"feed-source\">\n        Source: <a href=\"https:\/\/www.albertbakerfund.org\/feed\/\" class=\"\" target=\"_blank\" rel=\"noopener noreferrer nofollow\" style=\"\">The Albert Baker Fund<\/a>\n    <\/span>\n                <span class=\"feed-date\">\n        Published on: 2025-04-01\n    <\/span>\n            \n        <\/div>\n\n        \n    <\/li>\n        <\/ul>\n    <\/div> <\/div>\n<\/div>\n<\/div>\n<p><\/p>","protected":false},"excerpt":{"rendered":"<p>Le Albert Baker Fund (ABF) est une organisation \u00e0 but non lucratif bas\u00e9e aux Etats-Unis qui fournit des bourses d\u2019\u00e9tudes sup\u00e9rieures uniquement \u00e0 l\u2019intention de membres actifs de l\u2019Eglise de la Science Chr\u00e9tienne qui sont des citoyens de, ou domicili\u00e9s en permanence dans l&rsquo;un des pays dans lesquels nous disposons d&rsquo;un programme. Veuillez cliquer sur [&hellip;]<\/p>\n","protected":false},"author":1,"featured_media":2883,"parent":0,"menu_order":0,"comment_status":"closed","ping_status":"open","template":"","meta":{"_monsterinsights_skip_tracking":false,"_monsterinsights_sitenote_active":false,"_monsterinsights_sitenote_note":"","_monsterinsights_sitenote_category":0,"jetpack_post_was_ever_published":false,"footnotes":""},"class_list":["post-1122","page","type-page","status-publish","has-post-thumbnail","hentry"],"jetpack_shortlink":"https:\/\/wp.me\/P2aAby-i6","jetpack_sharing_enabled":true,"_links":{"self":[{"href":"https:\/\/africa.albertbakerfund.org\/fr\/wp-json\/wp\/v2\/pages\/1122","targetHints":{"allow":["GET"]}}],"collection":[{"href":"https:\/\/africa.albertbakerfund.org\/fr\/wp-json\/wp\/v2\/pages"}],"about":[{"href":"https:\/\/africa.albertbakerfund.org\/fr\/wp-json\/wp\/v2\/types\/page"}],"author":[{"embeddable":true,"href":"https:\/\/africa.albertbakerfund.org\/fr\/wp-json\/wp\/v2\/users\/1"}],"replies":[{"embeddable":true,"href":"https:\/\/africa.albertbakerfund.org\/fr\/wp-json\/wp\/v2\/comments?post=1122"}],"version-history":[{"count":97,"href":"https:\/\/africa.albertbakerfund.org\/fr\/wp-json\/wp\/v2\/pages\/1122\/revisions"}],"predecessor-version":[{"id":15975,"href":"https:\/\/africa.albertbakerfund.org\/fr\/wp-json\/wp\/v2\/pages\/1122\/revisions\/15975"}],"wp:featuredmedia":[{"embeddable":true,"href":"https:\/\/africa.albertbakerfund.org\/fr\/wp-json\/wp\/v2\/media\/2883"}],"wp:attachment":[{"href":"https:\/\/africa.albertbakerfund.org\/fr\/wp-json\/wp\/v2\/media?parent=1122"}],"curies":[{"name":"wp","href":"https:\/\/api.w.org\/{rel}","templated":true}]}}